{"id":698,"date":"2016-10-17T09:44:40","date_gmt":"2016-10-17T07:44:40","guid":{"rendered":"http:\/\/betterconsultants.es\/wordpress\/?page_id=698"},"modified":"2025-01-02T12:49:16","modified_gmt":"2025-01-02T11:49:16","slug":"aviso-legal","status":"publish","type":"page","link":"https:\/\/betterconsultants.com\/eng\/aviso-legal\/","title":{"rendered":"Legal notice"},"content":{"rendered":"<p>[et_pb_section fb_built=&#8221;1&#8243; fullwidth=&#8221;on&#8221; _builder_version=&#8221;3.0.100&#8243; module_alignment=&#8221;center&#8221; custom_margin=&#8221;15px|||&#8221; custom_padding=&#8221;0px|0px|0px|0px&#8221; global_module=&#8221;6089&#8243; global_colors_info=&#8221;{}&#8221;][\/et_pb_section][et_pb_section fb_built=&#8221;1&#8243; admin_label=&#8221;section&#8221; _builder_version=&#8221;4.16&#8243; global_colors_info=&#8221;{}&#8221;][et_pb_row _builder_version=&#8221;4.16&#8243; background_size=&#8221;initial&#8221; background_position=&#8221;top_left&#8221; background_repeat=&#8221;repeat&#8221; global_colors_info=&#8221;{}&#8221;][et_pb_column type=&#8221;4_4&#8243; _builder_version=&#8221;4.16&#8243; custom_padding=&#8221;|||&#8221; global_colors_info=&#8221;{}&#8221; custom_padding__hover=&#8221;|||&#8221;][et_pb_text admin_label=&#8221;Texto&#8221; _builder_version=&#8221;4.16&#8243; text_orientation=&#8221;center&#8221; module_alignment=&#8221;center&#8221; custom_padding=&#8221;||20px|||&#8221; use_border_color=&#8221;off&#8221; saved_tabs=&#8221;all&#8221; global_colors_info=&#8221;{}&#8221;]<\/p>\n<h1 style=\"text-align: center;\"><b>Legal notice<\/b><\/h1>\n<p>[\/et_pb_text][et_pb_text admin_label=&#8221;Texto&#8221; _builder_version=&#8221;4.27.4&#8243; text_orientation=&#8221;justified&#8221; custom_margin=&#8221;26px|||||&#8221; hover_enabled=&#8221;0&#8243; use_border_color=&#8221;off&#8221; global_colors_info=&#8221;{}&#8221; sticky_enabled=&#8221;0&#8243;]<\/p>\n<p style=\"text-align: left;\">The terms included is this Legal Notice regulate the use of the\u00a0 web pages hosted under the domain <a href=\"http:\/\/www.betterconsultants.eu\/\">https:\/\/www.betterconsultants.com <\/a>(hereinafter \u201cWeb Site\u201d), which are property of Better Consultants SA (hereinafter &#8220;Better Consultants&#8221;). This Web Site is available to end users for knowledge of our organization, activities, products and services.<\/p>\n<p style=\"text-align: left;\">By browsing or using this Web Site the user acknowledges and agrees to be bound by these terms and to comply with all applicable laws and regulations.These general conditions are governed by Spanish law.<\/p>\n<h6 style=\"text-align: left;\">Identification<\/h6>\n<p style=\"text-align: left;\">Better Consultants SA is registered in Barcelona (Spain), volume 20,071, Folio 1, Page B-1141, entry 1, with Fiscal ID Code A59150854. The headquarters are in c\/Aribau 262, 08006 Barcelona.<\/p>\n<h6 style=\"text-align: left;\">Property Rights<\/h6>\n<p style=\"text-align: left;\">Better Consultants owns all rights and intellectual property of the Web Site, regarding submitted information, designs, source code, contents and other components codes.<\/p>\n<p style=\"text-align: left;\">Users are authorized to view download and print any document published by Better Consultants on the Web Sites, considering that the use of such documents may be used solely for information purposes, but in no event for commercial purposes. Documents must indicate the right of ownership of Better Consultants.<\/p>\n<p style=\"text-align: left;\">The actions that violate the provisions outlined in this Legal Notice may constitute an infringement of the rights of intellectual property protected by the \u201cTexto Refundido de la Ley de Propiedad Intelectual (TRLPI)\u201d.<\/p>\n<h6 style=\"text-align: left;\">Information and Limitation of Liability<\/h6>\n<p style=\"text-align: left;\">Your use of this Web Site implies full acceptance of all the provisions contained in this Legal Notice.<\/p>\n<p style=\"text-align: left;\">Information of Web Site is presented without any warranty, and may be changed at any time without notice. Better Consultants does not guarantee the accuracy or adequacy of the information shown in the Web Pages.<\/p>\n<p style=\"text-align: left;\">The modification, alteration or adaptation of Web Site both in terms of format as informative content is explicitly prohibited.<\/p>\n<p style=\"text-align: left;\">The existence of external links from this Web Site does not mean in any case the existence of relationships between Better Consultants and the owner of the web destination. In addition, a link to an external web site does not mean that Better Consultants endorses or accepts any responsibility for the content or the use of such web site.<\/p>\n<p style=\"text-align: left;\">Better Consultants disclaims any and all liability and responsibility for such content. It is up to the user to take precautions to ensure that the destination web is free of such items as viruses, trojan horses and other items of a destructive nature. Better Consultants is not liable for any loss or damage to the software or equipment user as a result of access to the websites, or the use of information presented.<\/p>\n<p style=\"text-align: left;\">Also is not responsible or guarantee the availability and continuity of access to the Web Sites, or the fact that they are free of errors.<\/p>\n<h6 style=\"text-align: left;\">Contact<\/h6>\n<p style=\"text-align: left;\">For any suggestions or clarifications you can contact us at the email <u><a href=\"mailto:better@betterconsultants.com\">better@betterconsultants.com<\/a><\/u><\/p>\n<p style=\"text-align: left;\"><u><\/u><\/p>\n<p>[\/et_pb_text][\/et_pb_column][\/et_pb_row][\/et_pb_section]<\/p>\n","protected":false},"excerpt":{"rendered":"<p>Legal notice The terms included is this Legal Notice regulate the use of the\u00a0 web pages hosted under the domain https:\/\/www.betterconsultants.com (hereinafter \u201cWeb Site\u201d), which are property of Better Consultants SA (hereinafter &#8220;Better Consultants&#8221;). This Web Site is available to end users for knowledge of our organization, activities, products and services. By browsing or using [&hellip;]<\/p>\n","protected":false},"author":4,"featured_media":980,"parent":0,"menu_order":2,"comment_status":"closed","ping_status":"closed","template":"","meta":{"_et_pb_use_builder":"on","_et_pb_old_content":"<p>Las disposiciones que se incluyen es este Aviso Legal tienen como objeto regular la utilizaci\u00f3n de las p\u00e1ginas web\u00a0<a href=\"https:\/\/www.betterconsultants.es\/\">www.betterconsultants.es<\/a>, <a href=\"http:\/\/www.betterconsultants.cat\/\">www.betterconsultants.cat<\/a> y <a href=\"http:\/\/www.betterconsultants.eu\/\">www.betterconsultants.eu<\/a>, (en adelante \u201cP\u00e1ginas Web\u201d), que son propiedad exclusiva de Better Consultants SRL. Estas P\u00e1ginas Web se ponen a disposici\u00f3n de los usuarios de internet para conocimiento de nuestra organizaci\u00f3n, actividad, productos y servicios.<\/p><p>La utilizaci\u00f3n de las p\u00e1ginas Web otorga de forma impl\u00edcita la condici\u00f3n de usuario y supone la aceptaci\u00f3n de las condiciones establecidas en el presente aviso. Estas condiciones generales se rigen por la ley espa\u00f1ola.<\/p><p><strong>Identificaci\u00f3n<\/strong><\/p><p>Better Consultants SRL, tiene su domicilio social la calle Aribau 262, 08006 Barcelona, y est\u00e1 inscrita en el Registro Mercantil de Barcelona, Tomo 20.071, Folio 1, Hoja B-1141, inscripci\u00f3n 1\u00aa. \u00a0Better Consultants tiene CIF B-59150854.<\/p><p><strong>Derechos de propiedad<\/strong><\/p><p>Better Consultants SRL es titular de todos los derechos de propiedad industrial e intelectual de las P\u00e1ginas Web, en lo relativo a informaci\u00f3n presentada, dise\u00f1os, c\u00f3digos fuente, contenidos y dem\u00e1s componentes.<\/p><p>Los usuarios est\u00e1n autorizados a visualizar descargar e imprimir cualquier documento publicado por Better Consultants SRL en las P\u00e1ginas Web, teniendo en cuenta que el uso de dicha documentaci\u00f3n se puede utilizar exclusivamente con finalidades informativas, pero en ning\u00fan caso con fines comerciales. Los documentos deben necesariamente tener referencia al derecho de propiedad de Better Consultants SRL sobre la informaci\u00f3n presentada.<\/p><p>Las actuaciones que infrinjan las disposiciones que se expresan en el presente Aviso Legal pueden constituir una vulneraci\u00f3n de los derechos de propiedad intelectual e industrial protegidos en el Texto Refundido de la Ley de Propiedad Intelectual (TRLPI).<\/p><p><strong>Informaci\u00f3n presentada y limitaci\u00f3n de responsabilidad<\/strong><\/p><p>La utilizaci\u00f3n de estas P\u00e1ginas Web supone la plena aceptaci\u00f3n de todas las disposiciones incluidas en este Aviso Legal en el momento preciso en que el usuario acceda\u00a0 a las p\u00e1ginas.<\/p><p>La informaci\u00f3n de las P\u00e1ginas Web se presenta sin ning\u00fan tipo de garant\u00eda, y podr\u00e1 ser modificada en cualquier instante sin necesidad de preaviso. Better Consultants SRL no garantiza la exactitud o idoneidad de la informaci\u00f3n presentada.<\/p><p>Queda expl\u00edcitamente prohibida la modificaci\u00f3n, alteraci\u00f3n o adaptaci\u00f3n de las P\u00e1ginas Web tanto en lo referente a formato como a contenido informativo.<\/p><p>El establecimiento de enlaces externos desde las P\u00e1ginas Web no presupone en ning\u00fan caso la existencia de relaciones entre Better Consultants SRL \u00a0y el propietario de la web destino, ni la aceptaci\u00f3n y aprobaci\u00f3n por parte de Better Consultants SRL \u00a0de sus contenidos o servicios all\u00ed ofrecidos. Estos enlaces a otros sitios web no suponen en ning\u00fan caso ning\u00fan tipo de recomendaci\u00f3n de la web de destino, que se encuentran fuera del \u00e1mbito de Better Consultants SRL.<\/p><p>Better Consultants SRL no se hace responsable de ning\u00fan da\u00f1o o perjuicio en el software o equipos del usuario como consecuencia del acceso a las P\u00e1ginas Web, sus enlaces externos, o del uso de informaci\u00f3n presentada. As\u00ed mismo no se responsabiliza ni garantiza la disponibilidad y continuidad en el acceso a las P\u00e1ginas Web, o el hecho de que est\u00e9n libres de errores.<\/p><p><strong>Contacto<\/strong><\/p><p>Para cualquier sugerencia o aclaraci\u00f3n puede contactar con nosotros en la direcci\u00f3n de correo electr\u00f3nico:<a href=\"mailto:better@betterconsultants.es\">better@betterconsultants.es<\/a><\/p>","_et_gb_content_width":"","footnotes":""},"class_list":["post-698","page","type-page","status-publish","has-post-thumbnail","hentry"],"yoast_head":"<!-- This site is optimized with the Yoast SEO plugin v27.3 - https:\/\/yoast.com\/product\/yoast-seo-wordpress\/ -->\n<title>Legal notice - Better Consultants<\/title>\n<meta name=\"robots\" content=\"index, follow, max-snippet:-1, max-image-preview:large, max-video-preview:-1\" \/>\n<link rel=\"canonical\" href=\"https:\/\/betterconsultants.com\/eng\/aviso-legal\/\" \/>\n<meta property=\"og:locale\" content=\"en_US\" \/>\n<meta property=\"og:type\" content=\"article\" \/>\n<meta property=\"og:title\" content=\"Legal notice - Better Consultants\" \/>\n<meta property=\"og:description\" content=\"Legal notice The terms included is this Legal Notice regulate the use of the\u00a0 web pages hosted under the domain https:\/\/www.betterconsultants.com (hereinafter \u201cWeb Site\u201d), which are property of Better Consultants SA (hereinafter &quot;Better Consultants&quot;). This Web Site is available to end users for knowledge of our organization, activities, products and services. By browsing or using [&hellip;]\" \/>\n<meta property=\"og:url\" content=\"https:\/\/betterconsultants.com\/eng\/aviso-legal\/\" \/>\n<meta property=\"og:site_name\" content=\"Better Consultants\" \/>\n<meta property=\"article:modified_time\" content=\"2025-01-02T11:49:16+00:00\" \/>\n<meta property=\"og:image\" content=\"https:\/\/betterconsultants.com\/eng\/wp-content\/uploads\/2016\/10\/Logo4.png\" \/>\n\t<meta property=\"og:image:width\" content=\"150\" \/>\n\t<meta property=\"og:image:height\" content=\"66\" \/>\n\t<meta property=\"og:image:type\" content=\"image\/png\" \/>\n<meta name=\"twitter:card\" content=\"summary_large_image\" \/>\n<meta name=\"twitter:label1\" content=\"Est. reading time\" \/>\n\t<meta name=\"twitter:data1\" content=\"3 minutes\" \/>\n<script type=\"application\/ld+json\" class=\"yoast-schema-graph\">{\"@context\":\"https:\\\/\\\/schema.org\",\"@graph\":[{\"@type\":\"WebPage\",\"@id\":\"https:\\\/\\\/betterconsultants.com\\\/eng\\\/aviso-legal\\\/\",\"url\":\"https:\\\/\\\/betterconsultants.com\\\/eng\\\/aviso-legal\\\/\",\"name\":\"Legal notice - Better Consultants\",\"isPartOf\":{\"@id\":\"https:\\\/\\\/betterconsultants.com\\\/eng\\\/#website\"},\"primaryImageOfPage\":{\"@id\":\"https:\\\/\\\/betterconsultants.com\\\/eng\\\/aviso-legal\\\/#primaryimage\"},\"image\":{\"@id\":\"https:\\\/\\\/betterconsultants.com\\\/eng\\\/aviso-legal\\\/#primaryimage\"},\"thumbnailUrl\":\"https:\\\/\\\/betterconsultants.com\\\/eng\\\/wp-content\\\/uploads\\\/2016\\\/10\\\/Logo4.png\",\"datePublished\":\"2016-10-17T07:44:40+00:00\",\"dateModified\":\"2025-01-02T11:49:16+00:00\",\"breadcrumb\":{\"@id\":\"https:\\\/\\\/betterconsultants.com\\\/eng\\\/aviso-legal\\\/#breadcrumb\"},\"inLanguage\":\"en-US\",\"potentialAction\":[{\"@type\":\"ReadAction\",\"target\":[\"https:\\\/\\\/betterconsultants.com\\\/eng\\\/aviso-legal\\\/\"]}]},{\"@type\":\"ImageObject\",\"inLanguage\":\"en-US\",\"@id\":\"https:\\\/\\\/betterconsultants.com\\\/eng\\\/aviso-legal\\\/#primaryimage\",\"url\":\"https:\\\/\\\/betterconsultants.com\\\/eng\\\/wp-content\\\/uploads\\\/2016\\\/10\\\/Logo4.png\",\"contentUrl\":\"https:\\\/\\\/betterconsultants.com\\\/eng\\\/wp-content\\\/uploads\\\/2016\\\/10\\\/Logo4.png\",\"width\":150,\"height\":66},{\"@type\":\"BreadcrumbList\",\"@id\":\"https:\\\/\\\/betterconsultants.com\\\/eng\\\/aviso-legal\\\/#breadcrumb\",\"itemListElement\":[{\"@type\":\"ListItem\",\"position\":1,\"name\":\"Home\",\"item\":\"https:\\\/\\\/betterconsultants.com\\\/eng\\\/\"},{\"@type\":\"ListItem\",\"position\":2,\"name\":\"Legal notice\"}]},{\"@type\":\"WebSite\",\"@id\":\"https:\\\/\\\/betterconsultants.com\\\/eng\\\/#website\",\"url\":\"https:\\\/\\\/betterconsultants.com\\\/eng\\\/\",\"name\":\"Better Consultants\",\"description\":\"consultoria - servicios TIC\",\"publisher\":{\"@id\":\"https:\\\/\\\/betterconsultants.com\\\/eng\\\/#organization\"},\"potentialAction\":[{\"@type\":\"SearchAction\",\"target\":{\"@type\":\"EntryPoint\",\"urlTemplate\":\"https:\\\/\\\/betterconsultants.com\\\/eng\\\/?s={search_term_string}\"},\"query-input\":{\"@type\":\"PropertyValueSpecification\",\"valueRequired\":true,\"valueName\":\"search_term_string\"}}],\"inLanguage\":\"en-US\"},{\"@type\":\"Organization\",\"@id\":\"https:\\\/\\\/betterconsultants.com\\\/eng\\\/#organization\",\"name\":\"Better Consultants\",\"url\":\"https:\\\/\\\/betterconsultants.com\\\/eng\\\/\",\"logo\":{\"@type\":\"ImageObject\",\"inLanguage\":\"en-US\",\"@id\":\"https:\\\/\\\/betterconsultants.com\\\/eng\\\/#\\\/schema\\\/logo\\\/image\\\/\",\"url\":\"https:\\\/\\\/betterconsultants.com\\\/eng\\\/wp-content\\\/uploads\\\/2016\\\/10\\\/cropped-logo1.png\",\"contentUrl\":\"https:\\\/\\\/betterconsultants.com\\\/eng\\\/wp-content\\\/uploads\\\/2016\\\/10\\\/cropped-logo1.png\",\"width\":195,\"height\":80,\"caption\":\"Better Consultants\"},\"image\":{\"@id\":\"https:\\\/\\\/betterconsultants.com\\\/eng\\\/#\\\/schema\\\/logo\\\/image\\\/\"},\"sameAs\":[\"https:\\\/\\\/es.linkedin.com\\\/company\\\/betterconsultants\"]}]}<\/script>\n<!-- \/ Yoast SEO plugin. -->","yoast_head_json":{"title":"Legal notice - Better Consultants","robots":{"index":"index","follow":"follow","max-snippet":"max-snippet:-1","max-image-preview":"max-image-preview:large","max-video-preview":"max-video-preview:-1"},"canonical":"https:\/\/betterconsultants.com\/eng\/aviso-legal\/","og_locale":"en_US","og_type":"article","og_title":"Legal notice - Better Consultants","og_description":"Legal notice The terms included is this Legal Notice regulate the use of the\u00a0 web pages hosted under the domain https:\/\/www.betterconsultants.com (hereinafter \u201cWeb Site\u201d), which are property of Better Consultants SA (hereinafter \"Better Consultants\"). This Web Site is available to end users for knowledge of our organization, activities, products and services. By browsing or using [&hellip;]","og_url":"https:\/\/betterconsultants.com\/eng\/aviso-legal\/","og_site_name":"Better Consultants","article_modified_time":"2025-01-02T11:49:16+00:00","og_image":[{"width":150,"height":66,"url":"https:\/\/betterconsultants.com\/eng\/wp-content\/uploads\/2016\/10\/Logo4.png","type":"image\/png"}],"twitter_card":"summary_large_image","twitter_misc":{"Est. reading time":"3 minutes"},"schema":{"@context":"https:\/\/schema.org","@graph":[{"@type":"WebPage","@id":"https:\/\/betterconsultants.com\/eng\/aviso-legal\/","url":"https:\/\/betterconsultants.com\/eng\/aviso-legal\/","name":"Legal notice - Better Consultants","isPartOf":{"@id":"https:\/\/betterconsultants.com\/eng\/#website"},"primaryImageOfPage":{"@id":"https:\/\/betterconsultants.com\/eng\/aviso-legal\/#primaryimage"},"image":{"@id":"https:\/\/betterconsultants.com\/eng\/aviso-legal\/#primaryimage"},"thumbnailUrl":"https:\/\/betterconsultants.com\/eng\/wp-content\/uploads\/2016\/10\/Logo4.png","datePublished":"2016-10-17T07:44:40+00:00","dateModified":"2025-01-02T11:49:16+00:00","breadcrumb":{"@id":"https:\/\/betterconsultants.com\/eng\/aviso-legal\/#breadcrumb"},"inLanguage":"en-US","potentialAction":[{"@type":"ReadAction","target":["https:\/\/betterconsultants.com\/eng\/aviso-legal\/"]}]},{"@type":"ImageObject","inLanguage":"en-US","@id":"https:\/\/betterconsultants.com\/eng\/aviso-legal\/#primaryimage","url":"https:\/\/betterconsultants.com\/eng\/wp-content\/uploads\/2016\/10\/Logo4.png","contentUrl":"https:\/\/betterconsultants.com\/eng\/wp-content\/uploads\/2016\/10\/Logo4.png","width":150,"height":66},{"@type":"BreadcrumbList","@id":"https:\/\/betterconsultants.com\/eng\/aviso-legal\/#breadcrumb","itemListElement":[{"@type":"ListItem","position":1,"name":"Home","item":"https:\/\/betterconsultants.com\/eng\/"},{"@type":"ListItem","position":2,"name":"Legal notice"}]},{"@type":"WebSite","@id":"https:\/\/betterconsultants.com\/eng\/#website","url":"https:\/\/betterconsultants.com\/eng\/","name":"Better Consultants","description":"consultoria - servicios TIC","publisher":{"@id":"https:\/\/betterconsultants.com\/eng\/#organization"},"potentialAction":[{"@type":"SearchAction","target":{"@type":"EntryPoint","urlTemplate":"https:\/\/betterconsultants.com\/eng\/?s={search_term_string}"},"query-input":{"@type":"PropertyValueSpecification","valueRequired":true,"valueName":"search_term_string"}}],"inLanguage":"en-US"},{"@type":"Organization","@id":"https:\/\/betterconsultants.com\/eng\/#organization","name":"Better Consultants","url":"https:\/\/betterconsultants.com\/eng\/","logo":{"@type":"ImageObject","inLanguage":"en-US","@id":"https:\/\/betterconsultants.com\/eng\/#\/schema\/logo\/image\/","url":"https:\/\/betterconsultants.com\/eng\/wp-content\/uploads\/2016\/10\/cropped-logo1.png","contentUrl":"https:\/\/betterconsultants.com\/eng\/wp-content\/uploads\/2016\/10\/cropped-logo1.png","width":195,"height":80,"caption":"Better Consultants"},"image":{"@id":"https:\/\/betterconsultants.com\/eng\/#\/schema\/logo\/image\/"},"sameAs":["https:\/\/es.linkedin.com\/company\/betterconsultants"]}]}},"_links":{"self":[{"href":"https:\/\/betterconsultants.com\/eng\/wp-json\/wp\/v2\/pages\/698","targetHints":{"allow":["GET"]}}],"collection":[{"href":"https:\/\/betterconsultants.com\/eng\/wp-json\/wp\/v2\/pages"}],"about":[{"href":"https:\/\/betterconsultants.com\/eng\/wp-json\/wp\/v2\/types\/page"}],"author":[{"embeddable":true,"href":"https:\/\/betterconsultants.com\/eng\/wp-json\/wp\/v2\/users\/4"}],"replies":[{"embeddable":true,"href":"https:\/\/betterconsultants.com\/eng\/wp-json\/wp\/v2\/comments?post=698"}],"version-history":[{"count":91,"href":"https:\/\/betterconsultants.com\/eng\/wp-json\/wp\/v2\/pages\/698\/revisions"}],"predecessor-version":[{"id":18770,"href":"https:\/\/betterconsultants.com\/eng\/wp-json\/wp\/v2\/pages\/698\/revisions\/18770"}],"wp:featuredmedia":[{"embeddable":true,"href":"https:\/\/betterconsultants.com\/eng\/wp-json\/wp\/v2\/media\/980"}],"wp:attachment":[{"href":"https:\/\/betterconsultants.com\/eng\/wp-json\/wp\/v2\/media?parent=698"}],"curies":[{"name":"wp","href":"https:\/\/api.w.org\/{rel}","templated":true}]}}