{"id":643,"date":"2016-10-16T18:18:10","date_gmt":"2016-10-16T16:18:10","guid":{"rendered":"http:\/\/betterconsultants.es\/wordpress\/?page_id=643"},"modified":"2019-01-29T23:23:19","modified_gmt":"2019-01-29T22:23:19","slug":"intranet-gestion-comercial","status":"publish","type":"page","link":"https:\/\/betterconsultants.com\/eng\/intranet-gestion-comercial\/","title":{"rendered":"Sales Support Intranet"},"content":{"rendered":"<p>[et_pb_section fb_built=&#8221;1&#8243; custom_padding_last_edited=&#8221;off|desktop&#8221; admin_label=&#8221;section&#8221; _builder_version=&#8221;3.19.9&#8243; background_image=&#8221;https:\/\/betterconsultants.com\/eng\/wp-content\/uploads\/2018\/01\/sales-network-zambelli-416.png&#8221; animation_style=&#8221;zoom&#8221; animation_intensity_zoom=&#8221;2%&#8221;][et_pb_row custom_padding=&#8221;230px|0px|230px|0px&#8221; custom_padding_tablet=&#8221;140px|0px|140px|0px&#8221; custom_padding_phone=&#8221;80px|0px|80px|0px&#8221; custom_padding_last_edited=&#8221;on|phone&#8221; _builder_version=&#8221;3.0.105&#8243;][et_pb_column type=&#8221;4_4&#8243; _builder_version=&#8221;3.0.47&#8243; parallax=&#8221;off&#8221; parallax_method=&#8221;on&#8221;][\/et_pb_column][\/et_pb_row][\/et_pb_section][et_pb_section fb_built=&#8221;1&#8243; _builder_version=&#8221;3.0.47&#8243;][et_pb_row custom_padding=&#8221;90px|0px|30px|0px&#8221; _builder_version=&#8221;3.0.105&#8243;][et_pb_column type=&#8221;1_2&#8243; _builder_version=&#8221;3.0.47&#8243; parallax=&#8221;off&#8221; parallax_method=&#8221;on&#8221;][et_pb_text _builder_version=&#8221;3.0.105&#8243; text_font=&#8221;|300|||||||&#8221; header_text_color=&#8221;#000000&#8243; header_font_size_tablet=&#8221;32px&#8221; header_font_size_phone=&#8221;28px&#8221; header_font_size_last_edited=&#8221;on|desktop&#8221; header_4_text_color=&#8221;#ffffff&#8221; background_color=&#8221;#ffffff&#8221; box_shadow_style=&#8221;preset1&#8243; background_layout=&#8221;dark&#8221; custom_margin=&#8221;-180px|||&#8221; custom_margin_last_edited=&#8221;on|desktop&#8221; custom_padding=&#8221;30px|30px|30px|30px&#8221; custom_padding_tablet=&#8221;80px|30px|43px|30px&#8221; custom_padding_last_edited=&#8221;on|desktop&#8221; animation_style=&#8221;slide&#8221; animation_direction=&#8221;left&#8221; animation_duration=&#8221;500ms&#8221; animation_intensity_slide=&#8221;30%&#8221; animation_starting_opacity=&#8221;20%&#8221;]<\/p>\n<h1><\/h1>\n<h1>Sales Support Intranet<\/h1>\n<p>[\/et_pb_text][\/et_pb_column][et_pb_column type=&#8221;1_2&#8243; _builder_version=&#8221;3.0.47&#8243; parallax=&#8221;off&#8221; parallax_method=&#8221;on&#8221;][\/et_pb_column][\/et_pb_row][\/et_pb_section][et_pb_section fb_built=&#8221;1&#8243; admin_label=&#8221;section&#8221; _builder_version=&#8221;3.0.47&#8243;][et_pb_row _builder_version=&#8221;3.0.48&#8243; background_size=&#8221;initial&#8221; background_position=&#8221;top_left&#8221; background_repeat=&#8221;repeat&#8221;][et_pb_column type=&#8221;1_2&#8243; _builder_version=&#8221;3.0.47&#8243; parallax=&#8221;off&#8221; parallax_method=&#8221;on&#8221;][et_pb_divider show_divider=&#8221;off&#8221; height=&#8221;50px&#8221; _builder_version=&#8221;3.2&#8243;][\/et_pb_divider][et_pb_text _builder_version=&#8221;3.0.94&#8243; custom_padding=&#8221;20px|20px|20px|20px&#8221;]System conceived to optimize access to the commercial information from any point on the network and at any level: Area managers, product Managers, Sales Agents, Management, etc.<\/p>\n<p>Developed on a technological platform that facilitates remote access, it permits simple navigation and minimizes maintenance tasks.<\/p>\n<p>Interfaces with the most common sales support software packages available in the market (Salesforce, Siebel, etc.)<br \/>\n[\/et_pb_text][\/et_pb_column][et_pb_column type=&#8221;1_2&#8243; _builder_version=&#8221;3.0.47&#8243; parallax=&#8221;off&#8221; parallax_method=&#8221;on&#8221;][et_pb_image src=&#8221;https:\/\/betterconsultants.com\/eng\/wp-content\/uploads\/2016\/10\/systems-integration3.png&#8221; align=&#8221;center&#8221; force_fullwidth=&#8221;on&#8221; admin_label=&#8221;Imagen&#8221; _builder_version=&#8221;3.19.9&#8243; animation_style=&#8221;zoom&#8221; use_border_color=&#8221;off&#8221; animation_intensity_zoom=&#8221;2%&#8221;][\/et_pb_image][et_pb_divider show_divider=&#8221;off&#8221; _builder_version=&#8221;3.2&#8243;][\/et_pb_divider][\/et_pb_column][\/et_pb_row][et_pb_row _builder_version=&#8221;3.0.48&#8243; background_size=&#8221;initial&#8221; background_position=&#8221;top_left&#8221; background_repeat=&#8221;repeat&#8221;][et_pb_column type=&#8221;1_2&#8243; _builder_version=&#8221;3.0.47&#8243; parallax=&#8221;off&#8221; parallax_method=&#8221;on&#8221;][et_pb_divider show_divider=&#8221;off&#8221; height=&#8221;100px&#8221; _builder_version=&#8221;3.2&#8243;][\/et_pb_divider][et_pb_image src=&#8221;https:\/\/betterconsultants.com\/eng\/wp-content\/uploads\/2016\/10\/4554784_s.jpg&#8221; align=&#8221;center&#8221; force_fullwidth=&#8221;on&#8221; admin_label=&#8221;Imagen&#8221; _builder_version=&#8221;3.19.9&#8243; animation_style=&#8221;zoom&#8221; use_border_color=&#8221;off&#8221; animation_intensity_zoom=&#8221;2%&#8221;][\/et_pb_image][\/et_pb_column][et_pb_column type=&#8221;1_2&#8243; _builder_version=&#8221;3.0.47&#8243; parallax=&#8221;off&#8221; parallax_method=&#8221;on&#8221;][et_pb_text _builder_version=&#8221;3.0.106&#8243; custom_padding=&#8221;20px|20px|20px|20px&#8221;]Structural tree of the sales force.<\/p>\n<p>Universal interface with societies of sales analysis in their sector.<\/p>\n<p>Multidimensional analysis concepts (geographical, market, products, agents, etc.).<\/p>\n<p>Comparative analysis of the company regarding the competition.<\/p>\n<p>Flexibility in the access to and maintenance of the information.<\/p>\n<p>Virtual meeting point for the commercial network.<\/p>\n<p>Cutting edge technology.<\/p>\n<p>Self-administration and management of the system.<br \/>\n[\/et_pb_text][\/et_pb_column][\/et_pb_row][\/et_pb_section]<\/p>\n","protected":false},"excerpt":{"rendered":"<p>[et_pb_section bb_built=&#8221;1&#8243; admin_label=&#8221;section&#8221; custom_padding_last_edited=&#8221;off|desktop&#8221; _builder_version=&#8221;3.0.105&#8243; background_image=&#8221;https:\/\/betterconsultants.com\/eng\/wp-content\/uploads\/2018\/01\/sales-network-zambelli-416.png&#8221; next_background_col&#8230;<\/p>\n","protected":false},"author":4,"featured_media":7871,"parent":0,"menu_order":0,"comment_status":"closed","ping_status":"closed","template":"","meta":{"_et_pb_use_builder":"on","_et_pb_old_content":"<p>Sistema concebido para optimizar el acceso a la informaci\u00f3n comercial desde cualquier punto de la red y a cualquier nivel: Gerentes de \u00e1rea, Gerentes de producto, Agentes visitadores, Direcci\u00f3n, etc.<\/p><p>Desarrollado en una plataforma tecnol\u00f3gica que facilita el acceso remoto, permite una navegaci\u00f3n sencilla y minimiza las tareas de mantenimiento. Basado en:<\/p><ul><li>\u00c1rbol de estructura de la red comercial.<\/li><li>Interfaz universal con sociedades de an\u00e1lisis de ventas en su sector.<\/li><li>Conceptos de an\u00e1lisis en m\u00faltiples dimensiones (geogr\u00e1fica, mercado, productos, agentes, etc.).<\/li><li>An\u00e1lisis comparativo de la propia empresa respecto a la competencia.<\/li><li>Flexibilidad en el acceso y en el mantenimiento de la informaci\u00f3n.<\/li><li>Punto de encuentro virtual para la red comercial.<\/li><li>Tecnolog\u00eda de \u00faltima generaci\u00f3n.<\/li><li>Administraci\u00f3n y gesti\u00f3n propia del sistema.<\/li><\/ul>","_et_gb_content_width":"","footnotes":""},"class_list":["post-643","page","type-page","status-publish","has-post-thumbnail","hentry"],"yoast_head":"<!-- This site is optimized with the Yoast SEO plugin v27.3 - https:\/\/yoast.com\/product\/yoast-seo-wordpress\/ -->\n<title>Sales Support Intranet - Better Consultants<\/title>\n<meta name=\"robots\" content=\"index, follow, max-snippet:-1, max-image-preview:large, max-video-preview:-1\" \/>\n<link rel=\"canonical\" href=\"https:\/\/betterconsultants.com\/eng\/intranet-gestion-comercial\/\" \/>\n<meta property=\"og:locale\" content=\"en_US\" \/>\n<meta property=\"og:type\" content=\"article\" \/>\n<meta property=\"og:title\" content=\"Sales Support Intranet - Better Consultants\" \/>\n<meta property=\"og:description\" content=\"[et_pb_section bb_built=&quot;1&quot; admin_label=&quot;section&quot; custom_padding_last_edited=&quot;off|desktop&quot; _builder_version=&quot;3.0.105&quot; background_image=&quot;https:\/\/betterconsultants.com\/eng\/wp-content\/uploads\/2018\/01\/sales-network-zambelli-416.png&quot; next_background_col...\" \/>\n<meta property=\"og:url\" content=\"https:\/\/betterconsultants.com\/eng\/intranet-gestion-comercial\/\" \/>\n<meta property=\"og:site_name\" content=\"Better Consultants\" \/>\n<meta property=\"article:modified_time\" content=\"2019-01-29T22:23:19+00:00\" \/>\n<meta property=\"og:image\" content=\"https:\/\/betterconsultants.com\/eng\/wp-content\/uploads\/2018\/01\/sales-network-zambelli-416.png\" \/>\n\t<meta property=\"og:image:width\" content=\"1599\" \/>\n\t<meta property=\"og:image:height\" content=\"563\" \/>\n\t<meta property=\"og:image:type\" content=\"image\/png\" \/>\n<meta name=\"twitter:card\" content=\"summary_large_image\" \/>\n<meta name=\"twitter:label1\" content=\"Est. reading time\" \/>\n\t<meta name=\"twitter:data1\" content=\"3 minutes\" \/>\n<script type=\"application\/ld+json\" class=\"yoast-schema-graph\">{\"@context\":\"https:\\\/\\\/schema.org\",\"@graph\":[{\"@type\":\"WebPage\",\"@id\":\"https:\\\/\\\/betterconsultants.com\\\/eng\\\/intranet-gestion-comercial\\\/\",\"url\":\"https:\\\/\\\/betterconsultants.com\\\/eng\\\/intranet-gestion-comercial\\\/\",\"name\":\"Sales Support Intranet - Better Consultants\",\"isPartOf\":{\"@id\":\"https:\\\/\\\/betterconsultants.com\\\/eng\\\/#website\"},\"primaryImageOfPage\":{\"@id\":\"https:\\\/\\\/betterconsultants.com\\\/eng\\\/intranet-gestion-comercial\\\/#primaryimage\"},\"image\":{\"@id\":\"https:\\\/\\\/betterconsultants.com\\\/eng\\\/intranet-gestion-comercial\\\/#primaryimage\"},\"thumbnailUrl\":\"https:\\\/\\\/betterconsultants.com\\\/eng\\\/wp-content\\\/uploads\\\/2018\\\/01\\\/sales-network-zambelli-416.png\",\"datePublished\":\"2016-10-16T16:18:10+00:00\",\"dateModified\":\"2019-01-29T22:23:19+00:00\",\"breadcrumb\":{\"@id\":\"https:\\\/\\\/betterconsultants.com\\\/eng\\\/intranet-gestion-comercial\\\/#breadcrumb\"},\"inLanguage\":\"en-US\",\"potentialAction\":[{\"@type\":\"ReadAction\",\"target\":[\"https:\\\/\\\/betterconsultants.com\\\/eng\\\/intranet-gestion-comercial\\\/\"]}]},{\"@type\":\"ImageObject\",\"inLanguage\":\"en-US\",\"@id\":\"https:\\\/\\\/betterconsultants.com\\\/eng\\\/intranet-gestion-comercial\\\/#primaryimage\",\"url\":\"https:\\\/\\\/betterconsultants.com\\\/eng\\\/wp-content\\\/uploads\\\/2018\\\/01\\\/sales-network-zambelli-416.png\",\"contentUrl\":\"https:\\\/\\\/betterconsultants.com\\\/eng\\\/wp-content\\\/uploads\\\/2018\\\/01\\\/sales-network-zambelli-416.png\",\"width\":1599,\"height\":563},{\"@type\":\"BreadcrumbList\",\"@id\":\"https:\\\/\\\/betterconsultants.com\\\/eng\\\/intranet-gestion-comercial\\\/#breadcrumb\",\"itemListElement\":[{\"@type\":\"ListItem\",\"position\":1,\"name\":\"Home\",\"item\":\"https:\\\/\\\/betterconsultants.com\\\/eng\\\/\"},{\"@type\":\"ListItem\",\"position\":2,\"name\":\"Sales Support Intranet\"}]},{\"@type\":\"WebSite\",\"@id\":\"https:\\\/\\\/betterconsultants.com\\\/eng\\\/#website\",\"url\":\"https:\\\/\\\/betterconsultants.com\\\/eng\\\/\",\"name\":\"Better Consultants\",\"description\":\"consultoria - servicios TIC\",\"publisher\":{\"@id\":\"https:\\\/\\\/betterconsultants.com\\\/eng\\\/#organization\"},\"potentialAction\":[{\"@type\":\"SearchAction\",\"target\":{\"@type\":\"EntryPoint\",\"urlTemplate\":\"https:\\\/\\\/betterconsultants.com\\\/eng\\\/?s={search_term_string}\"},\"query-input\":{\"@type\":\"PropertyValueSpecification\",\"valueRequired\":true,\"valueName\":\"search_term_string\"}}],\"inLanguage\":\"en-US\"},{\"@type\":\"Organization\",\"@id\":\"https:\\\/\\\/betterconsultants.com\\\/eng\\\/#organization\",\"name\":\"Better Consultants\",\"url\":\"https:\\\/\\\/betterconsultants.com\\\/eng\\\/\",\"logo\":{\"@type\":\"ImageObject\",\"inLanguage\":\"en-US\",\"@id\":\"https:\\\/\\\/betterconsultants.com\\\/eng\\\/#\\\/schema\\\/logo\\\/image\\\/\",\"url\":\"https:\\\/\\\/betterconsultants.com\\\/eng\\\/wp-content\\\/uploads\\\/2016\\\/10\\\/cropped-logo1.png\",\"contentUrl\":\"https:\\\/\\\/betterconsultants.com\\\/eng\\\/wp-content\\\/uploads\\\/2016\\\/10\\\/cropped-logo1.png\",\"width\":195,\"height\":80,\"caption\":\"Better Consultants\"},\"image\":{\"@id\":\"https:\\\/\\\/betterconsultants.com\\\/eng\\\/#\\\/schema\\\/logo\\\/image\\\/\"},\"sameAs\":[\"https:\\\/\\\/es.linkedin.com\\\/company\\\/betterconsultants\"]}]}<\/script>\n<!-- \/ Yoast SEO plugin. -->","yoast_head_json":{"title":"Sales Support Intranet - Better Consultants","robots":{"index":"index","follow":"follow","max-snippet":"max-snippet:-1","max-image-preview":"max-image-preview:large","max-video-preview":"max-video-preview:-1"},"canonical":"https:\/\/betterconsultants.com\/eng\/intranet-gestion-comercial\/","og_locale":"en_US","og_type":"article","og_title":"Sales Support Intranet - Better Consultants","og_description":"[et_pb_section bb_built=\"1\" admin_label=\"section\" custom_padding_last_edited=\"off|desktop\" _builder_version=\"3.0.105\" background_image=\"https:\/\/betterconsultants.com\/eng\/wp-content\/uploads\/2018\/01\/sales-network-zambelli-416.png\" next_background_col...","og_url":"https:\/\/betterconsultants.com\/eng\/intranet-gestion-comercial\/","og_site_name":"Better Consultants","article_modified_time":"2019-01-29T22:23:19+00:00","og_image":[{"width":1599,"height":563,"url":"https:\/\/betterconsultants.com\/eng\/wp-content\/uploads\/2018\/01\/sales-network-zambelli-416.png","type":"image\/png"}],"twitter_card":"summary_large_image","twitter_misc":{"Est. reading time":"3 minutes"},"schema":{"@context":"https:\/\/schema.org","@graph":[{"@type":"WebPage","@id":"https:\/\/betterconsultants.com\/eng\/intranet-gestion-comercial\/","url":"https:\/\/betterconsultants.com\/eng\/intranet-gestion-comercial\/","name":"Sales Support Intranet - Better Consultants","isPartOf":{"@id":"https:\/\/betterconsultants.com\/eng\/#website"},"primaryImageOfPage":{"@id":"https:\/\/betterconsultants.com\/eng\/intranet-gestion-comercial\/#primaryimage"},"image":{"@id":"https:\/\/betterconsultants.com\/eng\/intranet-gestion-comercial\/#primaryimage"},"thumbnailUrl":"https:\/\/betterconsultants.com\/eng\/wp-content\/uploads\/2018\/01\/sales-network-zambelli-416.png","datePublished":"2016-10-16T16:18:10+00:00","dateModified":"2019-01-29T22:23:19+00:00","breadcrumb":{"@id":"https:\/\/betterconsultants.com\/eng\/intranet-gestion-comercial\/#breadcrumb"},"inLanguage":"en-US","potentialAction":[{"@type":"ReadAction","target":["https:\/\/betterconsultants.com\/eng\/intranet-gestion-comercial\/"]}]},{"@type":"ImageObject","inLanguage":"en-US","@id":"https:\/\/betterconsultants.com\/eng\/intranet-gestion-comercial\/#primaryimage","url":"https:\/\/betterconsultants.com\/eng\/wp-content\/uploads\/2018\/01\/sales-network-zambelli-416.png","contentUrl":"https:\/\/betterconsultants.com\/eng\/wp-content\/uploads\/2018\/01\/sales-network-zambelli-416.png","width":1599,"height":563},{"@type":"BreadcrumbList","@id":"https:\/\/betterconsultants.com\/eng\/intranet-gestion-comercial\/#breadcrumb","itemListElement":[{"@type":"ListItem","position":1,"name":"Home","item":"https:\/\/betterconsultants.com\/eng\/"},{"@type":"ListItem","position":2,"name":"Sales Support Intranet"}]},{"@type":"WebSite","@id":"https:\/\/betterconsultants.com\/eng\/#website","url":"https:\/\/betterconsultants.com\/eng\/","name":"Better Consultants","description":"consultoria - servicios TIC","publisher":{"@id":"https:\/\/betterconsultants.com\/eng\/#organization"},"potentialAction":[{"@type":"SearchAction","target":{"@type":"EntryPoint","urlTemplate":"https:\/\/betterconsultants.com\/eng\/?s={search_term_string}"},"query-input":{"@type":"PropertyValueSpecification","valueRequired":true,"valueName":"search_term_string"}}],"inLanguage":"en-US"},{"@type":"Organization","@id":"https:\/\/betterconsultants.com\/eng\/#organization","name":"Better Consultants","url":"https:\/\/betterconsultants.com\/eng\/","logo":{"@type":"ImageObject","inLanguage":"en-US","@id":"https:\/\/betterconsultants.com\/eng\/#\/schema\/logo\/image\/","url":"https:\/\/betterconsultants.com\/eng\/wp-content\/uploads\/2016\/10\/cropped-logo1.png","contentUrl":"https:\/\/betterconsultants.com\/eng\/wp-content\/uploads\/2016\/10\/cropped-logo1.png","width":195,"height":80,"caption":"Better Consultants"},"image":{"@id":"https:\/\/betterconsultants.com\/eng\/#\/schema\/logo\/image\/"},"sameAs":["https:\/\/es.linkedin.com\/company\/betterconsultants"]}]}},"_links":{"self":[{"href":"https:\/\/betterconsultants.com\/eng\/wp-json\/wp\/v2\/pages\/643","targetHints":{"allow":["GET"]}}],"collection":[{"href":"https:\/\/betterconsultants.com\/eng\/wp-json\/wp\/v2\/pages"}],"about":[{"href":"https:\/\/betterconsultants.com\/eng\/wp-json\/wp\/v2\/types\/page"}],"author":[{"embeddable":true,"href":"https:\/\/betterconsultants.com\/eng\/wp-json\/wp\/v2\/users\/4"}],"replies":[{"embeddable":true,"href":"https:\/\/betterconsultants.com\/eng\/wp-json\/wp\/v2\/comments?post=643"}],"version-history":[{"count":70,"href":"https:\/\/betterconsultants.com\/eng\/wp-json\/wp\/v2\/pages\/643\/revisions"}],"predecessor-version":[{"id":16826,"href":"https:\/\/betterconsultants.com\/eng\/wp-json\/wp\/v2\/pages\/643\/revisions\/16826"}],"wp:featuredmedia":[{"embeddable":true,"href":"https:\/\/betterconsultants.com\/eng\/wp-json\/wp\/v2\/media\/7871"}],"wp:attachment":[{"href":"https:\/\/betterconsultants.com\/eng\/wp-json\/wp\/v2\/media?parent=643"}],"curies":[{"name":"wp","href":"https:\/\/api.w.org\/{rel}","templated":true}]}}