{"id":594,"date":"2016-10-16T17:56:01","date_gmt":"2016-10-16T15:56:01","guid":{"rendered":"http:\/\/betterconsultants.es\/wordpress\/?page_id=594"},"modified":"2019-03-13T17:02:37","modified_gmt":"2019-03-13T16:02:37","slug":"emergencias-seguridad","status":"publish","type":"page","link":"https:\/\/betterconsultants.com\/eng\/emergencias-seguridad\/","title":{"rendered":"Emergencies and Security"},"content":{"rendered":"\n[et_pb_section fb_built=&#8221;1&#8243; custom_padding_last_edited=&#8221;off|desktop&#8221; admin_label=&#8221;section&#8221; _builder_version=&#8221;3.19.9&#8243; background_image=&#8221;https:\/\/betterconsultants.com\/eng\/wp-content\/uploads\/2018\/01\/traffic2.jpg&#8221; animation_style=&#8221;zoom&#8221; animation_intensity_zoom=&#8221;2%&#8221;][et_pb_row custom_padding=&#8221;230px|0px|230px|0px&#8221; custom_padding_tablet=&#8221;140px|0px|140px|0px&#8221; custom_padding_phone=&#8221;80px|0px|80px|0px&#8221; custom_padding_last_edited=&#8221;on|phone&#8221; _builder_version=&#8221;3.0.105&#8243;][et_pb_column type=&#8221;4_4&#8243; _builder_version=&#8221;3.0.47&#8243; parallax=&#8221;off&#8221; parallax_method=&#8221;on&#8221;][\/et_pb_column][\/et_pb_row][\/et_pb_section][et_pb_section fb_built=&#8221;1&#8243; _builder_version=&#8221;3.0.47&#8243;][et_pb_row custom_padding=&#8221;90px|0px|30px|0px&#8221; _builder_version=&#8221;3.0.105&#8243;][et_pb_column type=&#8221;1_2&#8243; _builder_version=&#8221;3.0.47&#8243; parallax=&#8221;off&#8221; parallax_method=&#8221;on&#8221;][et_pb_text _builder_version=&#8221;3.0.105&#8243; text_font=&#8221;|300|||||||&#8221; header_text_color=&#8221;#000000&#8243; header_font_size_tablet=&#8221;32px&#8221; header_font_size_phone=&#8221;28px&#8221; header_font_size_last_edited=&#8221;on|desktop&#8221; header_4_text_color=&#8221;#ffffff&#8221; background_color=&#8221;#ffffff&#8221; box_shadow_style=&#8221;preset1&#8243; background_layout=&#8221;dark&#8221; custom_margin=&#8221;-180px|||&#8221; custom_margin_last_edited=&#8221;on|desktop&#8221; custom_padding=&#8221;30px|30px|30px|30px&#8221; custom_padding_tablet=&#8221;80px|30px|43px|30px&#8221; custom_padding_last_edited=&#8221;on|desktop&#8221; animation_style=&#8221;slide&#8221; animation_direction=&#8221;left&#8221; animation_duration=&#8221;500ms&#8221; animation_intensity_slide=&#8221;30%&#8221; animation_starting_opacity=&#8221;20%&#8221;]<h1><\/h1>\r\n<h1>Emergencies and Security<\/h1>\r[\/et_pb_text][\/et_pb_column][et_pb_column type=&#8221;1_2&#8243; _builder_version=&#8221;3.0.47&#8243; parallax=&#8221;off&#8221; parallax_method=&#8221;on&#8221;][\/et_pb_column][\/et_pb_row][et_pb_row custom_padding=&#8221;0px|0px|27px|0px&#8221; _builder_version=&#8221;3.0.105&#8243; locked=&#8221;off&#8221;][et_pb_column type=&#8221;4_4&#8243; _builder_version=&#8221;3.0.47&#8243; parallax=&#8221;off&#8221; parallax_method=&#8221;on&#8221;][et_pb_text _builder_version=&#8221;3.19.5&#8243;]<h4>As a result of our experience over a decade improving efficiency and effectiveness in the Police and Emergency Services, we have developed a suite of fully customized solutions to manage most of the activities related to Police Services, integrating integrating daata and reports\u00a0related to any incident.<\/h4>\n<h4>One of the key outputs of this experience is that we bundled the most complete solution for Traffic Accidents Management&#8217;s currently available on the market.<\/h4>[\/et_pb_text][\/et_pb_column][\/et_pb_row][\/et_pb_section][et_pb_section fb_built=&#8221;1&#8243; admin_label=&#8221;section&#8221; _builder_version=&#8221;3.0.47&#8243;][et_pb_row custom_padding=&#8221;25px|0px|49px|0px|false|false&#8221; admin_label=&#8221;row&#8221; _builder_version=&#8221;3.19.5&#8243; background_size=&#8221;initial&#8221; background_position=&#8221;top_left&#8221; background_repeat=&#8221;repeat&#8221;][et_pb_column type=&#8221;1_3&#8243; _builder_version=&#8221;3.0.47&#8243; parallax=&#8221;off&#8221; parallax_method=&#8221;on&#8221;][et_pb_text _builder_version=&#8221;3.19.6&#8243; custom_padding=&#8221;20px|0px||0px&#8221; custom_padding_tablet=&#8221;0px|0px||0px&#8221; custom_padding_last_edited=&#8221;on|tablet&#8221;]<p>We have developed the most comprehensive customized solutions to manage:<span style=\"font-size: 16px;\">\u00a0<\/span><\/p>\n<p style=\"padding-left: 30px;\">Comand and Control Center<\/p>\n<p style=\"padding-left: 30px;\">Planning and management of human and material resources<\/p>\n<p style=\"padding-left: 30px;\">Integration between the 112 and Security and Emergency Services<\/p>\n<p style=\"padding-left: 30px;\">Prosecution Records<\/p>\n<p style=\"padding-left: 30px;\">Recruitment and Professional Career<\/p>[\/et_pb_text][et_pb_text admin_label=&#8221;Texto&#8221; _builder_version=&#8221;3.0.106&#8243; background_size=&#8221;initial&#8221; background_position=&#8221;top_left&#8221; background_repeat=&#8221;repeat&#8221; text_orientation=&#8221;justified&#8221; use_border_color=&#8221;off&#8221;]<p>&nbsp;<\/p>\n<p>&nbsp;<\/p>[\/et_pb_text][\/et_pb_column][et_pb_column type=&#8221;2_3&#8243; _builder_version=&#8221;3.0.47&#8243; parallax=&#8221;off&#8221; parallax_method=&#8221;on&#8221;][et_pb_image src=&#8221;https:\/\/betterconsultants.com\/eng\/wp-content\/uploads\/2018\/03\/emergencias-p.jpg&#8221; align=&#8221;center&#8221; force_fullwidth=&#8221;on&#8221; admin_label=&#8221;Imagen&#8221; _builder_version=&#8221;3.19.9&#8243; animation_style=&#8221;zoom&#8221; use_border_color=&#8221;off&#8221; animation_intensity_zoom=&#8221;2%&#8221;][\/et_pb_image][\/et_pb_column][\/et_pb_row][et_pb_row make_fullwidth=&#8221;on&#8221; use_custom_gutter=&#8221;on&#8221; gutter_width=&#8221;1&#8243; custom_padding=&#8221;85px||50px|&#8221; custom_margin=&#8221;0px||0px|&#8221; make_equal=&#8221;on&#8221; background_color_2=&#8221;#f4f4f4&#8243; bg_img_1=&#8221;https:\/\/betterconsultants.com\/eng\/wp-content\/uploads\/2019\/01\/centrocontrol023.jpg&#8221; parallax_1=&#8221;on&#8221; background_position_1=&#8221;top_left&#8221; background_position_2=&#8221;top_left&#8221; background_repeat_1=&#8221;no-repeat&#8221; background_repeat_2=&#8221;no-repeat&#8221; padding_top_2=&#8221;8%&#8221; padding_right_2=&#8221;6%&#8221; padding_bottom_2=&#8221;8%&#8221; padding_left_2=&#8221;6%&#8221; _builder_version=&#8221;3.19.9&#8243; background_size=&#8221;initial&#8221; background_position=&#8221;top_left&#8221; background_repeat=&#8221;repeat&#8221; animation_style=&#8221;zoom&#8221; animation_intensity_zoom=&#8221;2%&#8221;][et_pb_column type=&#8221;1_2&#8243; _builder_version=&#8221;3.0.47&#8243; bg_img=&#8221;https:\/\/betterconsultants.com\/eng\/wp-content\/uploads\/2019\/01\/centrocontrol023.jpg&#8221; parallax=&#8221;on&#8221; parallax_method=&#8221;on&#8221; background_position=&#8221;top_left&#8221; background_repeat=&#8221;no-repeat&#8221;][\/et_pb_column][et_pb_column type=&#8221;1_2&#8243; _builder_version=&#8221;3.0.47&#8243; padding_bottom=&#8221;8%&#8221; padding_left=&#8221;6%&#8221; padding_right=&#8221;6%&#8221; padding_top=&#8221;8%&#8221; background_color=&#8221;#f4f4f4&#8243; parallax=&#8221;off&#8221; parallax_method=&#8221;on&#8221; background_position=&#8221;top_left&#8221; background_repeat=&#8221;no-repeat&#8221;][et_pb_text _builder_version=&#8221;3.0.106&#8243;]<h4>The Control Center is assisted by geographic Services to accuratelly allocate the incident. All relevant data is shared by security, emergency services, medical assistance, etc.<\/h4>\n<p>&nbsp;<\/p>[\/et_pb_text][et_pb_divider color=&#8221;#4e5ed0&#8243; divider_weight=&#8221;3px&#8221; height=&#8221;5px&#8221; disabled_on=&#8221;off|off|off&#8221; _builder_version=&#8221;3.19.5&#8243; background_color_gradient_direction=&#8221;90deg&#8221; max_width=&#8221;100px&#8221; module_alignment=&#8221;left&#8221; custom_margin=&#8221;||20px|&#8221; custom_padding=&#8221;||20px|&#8221; animation_style=&#8221;slide&#8221; animation_direction=&#8221;bottom&#8221; saved_tabs=&#8221;all&#8221; locked=&#8221;off&#8221;][\/et_pb_divider][et_pb_text _builder_version=&#8221;3.0.106&#8243;]<h4>Incidents and service management in emergencies are controlled in a completely integrated way, from the initial identification, categorizing, resource assignment until the final resolution, transfer or closing.<\/h4>\r[\/et_pb_text][\/et_pb_column][\/et_pb_row][et_pb_row custom_padding=&#8221;58px|0px|0px|0px&#8221; _builder_version=&#8221;3.0.47&#8243; background_size=&#8221;initial&#8221; background_position=&#8221;top_left&#8221; background_repeat=&#8221;repeat&#8221;][et_pb_column type=&#8221;1_2&#8243; _builder_version=&#8221;3.0.47&#8243; parallax=&#8221;off&#8221; parallax_method=&#8221;on&#8221;][et_pb_text _builder_version=&#8221;3.19.5&#8243; custom_padding=&#8221;0px|20px|0px|20px&#8221; custom_padding_tablet=&#8221;|0px||0px&#8221; custom_padding_last_edited=&#8221;on|desktop&#8221;]<h3>Control Center<\/h3>\n<p>Managing a control center requires on-time information gathering and effective interaction between emergency agents and operational units.\u00a0\u00a0<span style=\"font-size: 16px;\">The model provides an accurate knowledge of:<\/span><\/p>\n<p style=\"padding-left: 30px;\">Availability of human and material resources to configure each of the operating units that provide on-site services.<\/p>\n<p style=\"padding-left: 30px;\">The pre-actions and activities assigned to each unit.<\/p>\n<p style=\"padding-left: 30px;\">Registration and location of incidents and services.<\/p>\n<p style=\"padding-left: 30px;\">The priorities in the provision of services.<\/p>[\/et_pb_text][\/et_pb_column][et_pb_column type=&#8221;1_2&#8243; _builder_version=&#8221;3.0.47&#8243; parallax=&#8221;off&#8221; parallax_method=&#8221;on&#8221;][et_pb_image src=&#8221;https:\/\/betterconsultants.com\/eng\/wp-content\/uploads\/2018\/01\/sala-control-conjunta-los-mossos-GUB.jpg&#8221; force_fullwidth=&#8221;on&#8221; _builder_version=&#8221;3.19.9&#8243; animation_style=&#8221;zoom&#8221; animation_intensity_zoom=&#8221;2%&#8221;]&nbsp;\r[\/et_pb_image][et_pb_divider show_divider=&#8221;off&#8221; _builder_version=&#8221;3.2&#8243;]La gesti\u00f3n de una sala de control requiere la m\u00e1xima interactividad en el intercambio de informaci\u00f3n entre los gestores de la Sala y las Unidades Operativas.\u00a0En este sentido, resulta fundamental contar con el conocimiento preciso de:\r\n<ul>\r\n \t<li>La disponibilidad de recursos humanos y materiales para poder configurar cada una de las unidades operativas que prestan los servicios in-situ.<\/li>\r\n \t<li>Las acciones y actividades pre-asignadas a cada unidad.<\/li>\r\n \t<li>El registro y la localizaci\u00f3n de los incidentes y servicios prestados.<\/li>\r\n \t<li>Las prioridades en la prestaci\u00f3n de servicios.<\/li>\r\n<\/ul>\r[\/et_pb_divider][\/et_pb_column][\/et_pb_row][et_pb_row custom_padding=&#8221;66px|0px|13px|0px&#8221; _builder_version=&#8221;3.0.47&#8243; background_size=&#8221;initial&#8221; background_position=&#8221;top_left&#8221; background_repeat=&#8221;repeat&#8221;][et_pb_column type=&#8221;1_2&#8243; _builder_version=&#8221;3.0.47&#8243; parallax=&#8221;off&#8221; parallax_method=&#8221;on&#8221;][et_pb_image src=&#8221;https:\/\/betterconsultants.com\/eng\/wp-content\/uploads\/2018\/03\/fire12.jpg&#8221; force_fullwidth=&#8221;on&#8221; _builder_version=&#8221;3.19.9&#8243; animation_style=&#8221;zoom&#8221; animation_intensity_zoom=&#8221;2%&#8221;]&nbsp;\r[\/et_pb_image][\/et_pb_column][et_pb_column type=&#8221;1_2&#8243; _builder_version=&#8221;3.0.47&#8243; parallax=&#8221;off&#8221; parallax_method=&#8221;on&#8221;][et_pb_text _builder_version=&#8221;3.19.6&#8243; custom_padding=&#8221;0px|0px|0px|0px&#8221;]<h3>Key Factors<\/h3>\n<p>The system is designed according to the need for police management, as well as the needs for evolution and scalability.<\/p>\n<p>Comprehensive data processing environment, defining security with regard to user profiles and access to data. The system shows data which, for safety reasons, only a particular agent (head of the control center, head on charge, supervisor) can browse.<\/p>\n<p>A higher rank control center is able to get additional security privileges and take over the management of incidents allocated to hierarchically subordinated centers..<\/p>[\/et_pb_text][\/et_pb_column][\/et_pb_row][et_pb_row custom_padding=&#8221;66px|0px|13px|0px&#8221; _builder_version=&#8221;3.0.47&#8243; background_size=&#8221;initial&#8221; background_position=&#8221;top_left&#8221; background_repeat=&#8221;repeat&#8221;][et_pb_column type=&#8221;1_2&#8243; _builder_version=&#8221;3.0.47&#8243; parallax=&#8221;off&#8221; parallax_method=&#8221;on&#8221;][et_pb_text _builder_version=&#8221;3.19.6&#8243; custom_padding=&#8221;0px|0px|0px|0px&#8221;]<p>Datamart to handle all relevant data entered into the core system.<\/p>\n<p>Integration with geographic information system, both in terms of standardization of incident location and definition of <em>points of interest<\/em>.<\/p>\n<p>An\u00a0 easy to use, practical, and flexible user interface which facilitates the operational procedure, improving the coordination, control and management of police officers. It also provides a global overview of activities recorded, reducing response times.<\/p>[\/et_pb_text][\/et_pb_column][et_pb_column type=&#8221;1_2&#8243; _builder_version=&#8221;3.0.47&#8243; parallax=&#8221;off&#8221; parallax_method=&#8221;on&#8221;][et_pb_image src=&#8221;https:\/\/betterconsultants.com\/eng\/wp-content\/uploads\/2018\/01\/px07.jpg&#8221; _builder_version=&#8221;3.19.9&#8243; animation_style=&#8221;zoom&#8221; animation_intensity_zoom=&#8221;2%&#8221;]&nbsp;\r[\/et_pb_image][\/et_pb_column][\/et_pb_row][\/et_pb_section]\n","protected":false},"excerpt":{"rendered":"<p>Emergencies and Security As a result of our experience over a decade improving efficiency and effectiveness in the Police and Emergency Services, we have developed a suite of fully customized solutions to manage most of the activities related to Police Services, integrating integrating daata and reports\u00a0related to any incident. One of the key outputs of [&hellip;]<\/p>\n","protected":false},"author":4,"featured_media":10041,"parent":0,"menu_order":0,"comment_status":"closed","ping_status":"closed","template":"","meta":{"_et_pb_use_builder":"on","_et_pb_old_content":"<p><span class=\"hps\">Nuestra<\/span> <span class=\"hps\">trayectoria<\/span> <span class=\"hps\">de m\u00e1s de una<\/span> <span class=\"hps\">d\u00e9cada<\/span> <span class=\"hps\">al servicio<\/span> <span class=\"hps\">de la mejora<\/span> <span class=\"hps\">de eficiencia<\/span> <span class=\"hps\">y<\/span> <span class=\"hps\">efectividad<\/span> <span class=\"hps\">en los Cuerpos<\/span> <span class=\"hps\">de Seguridad y<\/span> <span class=\"hps\">en la gesti\u00f3n<\/span> <span class=\"hps\">de Emergencias<\/span>, <span class=\"hps\">nos ha permitido<\/span> <span class=\"hps\">desarrollar un<\/span> <span class=\"hps\">conjunto<\/span> <span class=\"hps\">de soluciones<\/span> <span class=\"hps\">personalizadas<\/span> <span class=\"hps\">para<\/span> <span class=\"hps\">integrar todas<\/span> <span class=\"hps\">las<strong><em>actuaciones que<\/em><\/strong><\/span><strong><em> <span class=\"hps\">se<\/span> <span class=\"hps\">producen en torno a un\u00a0incidente<\/span><\/em><\/strong>.<\/p><p><span class=\"hps\">Como fruto<\/span> <span class=\"hps\">de esta experiencia<\/span>, <span class=\"hps\">hemos<\/span> <span class=\"hps\">paquetizado<\/span> <span class=\"hps\">la soluci\u00f3n<\/span> <span class=\"hps\">m\u00e1s completa<\/span> <span class=\"hps\">para la Gesti\u00f3n<\/span> <span class=\"hps\">de Accidentes<\/span> <span class=\"hps\">de Tr\u00e1fico<\/span> <span class=\"hps\">que hay disponible<\/span> <span class=\"hps\">actualmente en el mercado<\/span>.<\/p><p><span class=\"hps\">Asimismo<\/span> <span class=\"hps\">hemos desarrollado<\/span> <span class=\"hps\">las soluciones<\/span> <span class=\"hps\">personalizadas<\/span> <span class=\"hps\">m\u00e1s<\/span> <span class=\"hps\">completas para<\/span> <span class=\"hps\">gestionar:<\/span><\/p><ul><li><span class=\"hps\">Salas de Control<\/span><\/li><li><span class=\"hps\">Planificaci\u00f3n<\/span> <span class=\"hps\">y<\/span> <span class=\"hps\">Gesti\u00f3n de recursos<\/span> <span class=\"hps\">humanos<\/span> <span class=\"hps\">y materiales<\/span><\/li><li><span class=\"hps\">Integraci\u00f3n entre<\/span> <span class=\"hps\">el 112<\/span> <span class=\"hps\">y Cuerpos<\/span> <span class=\"hps\">de Seguridad y<\/span> <span class=\"hps\">Emergencias<\/span><\/li><li><span class=\"hps\">Expedientes Sancionadores<\/span><\/li><li><span class=\"hps\">Convocatorias y Carreras Profesionales<\/span><\/li><\/ul>","_et_gb_content_width":"","footnotes":""},"class_list":["post-594","page","type-page","status-publish","has-post-thumbnail","hentry"],"yoast_head":"<!-- This site is optimized with the Yoast SEO plugin v27.3 - https:\/\/yoast.com\/product\/yoast-seo-wordpress\/ -->\n<title>Emergencies and Security - Better Consultants<\/title>\n<meta name=\"robots\" content=\"index, follow, max-snippet:-1, max-image-preview:large, max-video-preview:-1\" \/>\n<link rel=\"canonical\" href=\"https:\/\/betterconsultants.com\/eng\/emergencias-seguridad\/\" \/>\n<meta property=\"og:locale\" content=\"en_US\" \/>\n<meta property=\"og:type\" content=\"article\" \/>\n<meta property=\"og:title\" content=\"Emergencies and Security - Better Consultants\" \/>\n<meta property=\"og:description\" content=\"Emergencies and Security As a result of our experience over a decade improving efficiency and effectiveness in the Police and Emergency Services, we have developed a suite of fully customized solutions to manage most of the activities related to Police Services, integrating integrating daata and reports\u00a0related to any incident. One of the key outputs of [&hellip;]\" \/>\n<meta property=\"og:url\" content=\"https:\/\/betterconsultants.com\/eng\/emergencias-seguridad\/\" \/>\n<meta property=\"og:site_name\" content=\"Better Consultants\" \/>\n<meta property=\"article:modified_time\" content=\"2019-03-13T16:02:37+00:00\" \/>\n<meta property=\"og:image\" content=\"https:\/\/betterconsultants.com\/eng\/wp-content\/uploads\/2018\/01\/traffic.jpg\" \/>\n\t<meta property=\"og:image:width\" content=\"1920\" \/>\n\t<meta property=\"og:image:height\" content=\"1280\" \/>\n\t<meta property=\"og:image:type\" content=\"image\/jpeg\" \/>\n<meta name=\"twitter:card\" content=\"summary_large_image\" \/>\n<meta name=\"twitter:label1\" content=\"Est. reading time\" \/>\n\t<meta name=\"twitter:data1\" content=\"7 minutes\" \/>\n<script type=\"application\/ld+json\" class=\"yoast-schema-graph\">{\"@context\":\"https:\\\/\\\/schema.org\",\"@graph\":[{\"@type\":\"WebPage\",\"@id\":\"https:\\\/\\\/betterconsultants.com\\\/eng\\\/emergencias-seguridad\\\/\",\"url\":\"https:\\\/\\\/betterconsultants.com\\\/eng\\\/emergencias-seguridad\\\/\",\"name\":\"Emergencies and Security - Better Consultants\",\"isPartOf\":{\"@id\":\"https:\\\/\\\/betterconsultants.com\\\/eng\\\/#website\"},\"primaryImageOfPage\":{\"@id\":\"https:\\\/\\\/betterconsultants.com\\\/eng\\\/emergencias-seguridad\\\/#primaryimage\"},\"image\":{\"@id\":\"https:\\\/\\\/betterconsultants.com\\\/eng\\\/emergencias-seguridad\\\/#primaryimage\"},\"thumbnailUrl\":\"https:\\\/\\\/betterconsultants.com\\\/eng\\\/wp-content\\\/uploads\\\/2018\\\/01\\\/traffic.jpg\",\"datePublished\":\"2016-10-16T15:56:01+00:00\",\"dateModified\":\"2019-03-13T16:02:37+00:00\",\"breadcrumb\":{\"@id\":\"https:\\\/\\\/betterconsultants.com\\\/eng\\\/emergencias-seguridad\\\/#breadcrumb\"},\"inLanguage\":\"en-US\",\"potentialAction\":[{\"@type\":\"ReadAction\",\"target\":[\"https:\\\/\\\/betterconsultants.com\\\/eng\\\/emergencias-seguridad\\\/\"]}]},{\"@type\":\"ImageObject\",\"inLanguage\":\"en-US\",\"@id\":\"https:\\\/\\\/betterconsultants.com\\\/eng\\\/emergencias-seguridad\\\/#primaryimage\",\"url\":\"https:\\\/\\\/betterconsultants.com\\\/eng\\\/wp-content\\\/uploads\\\/2018\\\/01\\\/traffic.jpg\",\"contentUrl\":\"https:\\\/\\\/betterconsultants.com\\\/eng\\\/wp-content\\\/uploads\\\/2018\\\/01\\\/traffic.jpg\",\"width\":1920,\"height\":1280},{\"@type\":\"BreadcrumbList\",\"@id\":\"https:\\\/\\\/betterconsultants.com\\\/eng\\\/emergencias-seguridad\\\/#breadcrumb\",\"itemListElement\":[{\"@type\":\"ListItem\",\"position\":1,\"name\":\"Home\",\"item\":\"https:\\\/\\\/betterconsultants.com\\\/eng\\\/\"},{\"@type\":\"ListItem\",\"position\":2,\"name\":\"Emergencies and Security\"}]},{\"@type\":\"WebSite\",\"@id\":\"https:\\\/\\\/betterconsultants.com\\\/eng\\\/#website\",\"url\":\"https:\\\/\\\/betterconsultants.com\\\/eng\\\/\",\"name\":\"Better Consultants\",\"description\":\"consultoria - servicios TIC\",\"publisher\":{\"@id\":\"https:\\\/\\\/betterconsultants.com\\\/eng\\\/#organization\"},\"potentialAction\":[{\"@type\":\"SearchAction\",\"target\":{\"@type\":\"EntryPoint\",\"urlTemplate\":\"https:\\\/\\\/betterconsultants.com\\\/eng\\\/?s={search_term_string}\"},\"query-input\":{\"@type\":\"PropertyValueSpecification\",\"valueRequired\":true,\"valueName\":\"search_term_string\"}}],\"inLanguage\":\"en-US\"},{\"@type\":\"Organization\",\"@id\":\"https:\\\/\\\/betterconsultants.com\\\/eng\\\/#organization\",\"name\":\"Better Consultants\",\"url\":\"https:\\\/\\\/betterconsultants.com\\\/eng\\\/\",\"logo\":{\"@type\":\"ImageObject\",\"inLanguage\":\"en-US\",\"@id\":\"https:\\\/\\\/betterconsultants.com\\\/eng\\\/#\\\/schema\\\/logo\\\/image\\\/\",\"url\":\"https:\\\/\\\/betterconsultants.com\\\/eng\\\/wp-content\\\/uploads\\\/2016\\\/10\\\/cropped-logo1.png\",\"contentUrl\":\"https:\\\/\\\/betterconsultants.com\\\/eng\\\/wp-content\\\/uploads\\\/2016\\\/10\\\/cropped-logo1.png\",\"width\":195,\"height\":80,\"caption\":\"Better Consultants\"},\"image\":{\"@id\":\"https:\\\/\\\/betterconsultants.com\\\/eng\\\/#\\\/schema\\\/logo\\\/image\\\/\"},\"sameAs\":[\"https:\\\/\\\/es.linkedin.com\\\/company\\\/betterconsultants\"]}]}<\/script>\n<!-- \/ Yoast SEO plugin. -->","yoast_head_json":{"title":"Emergencies and Security - Better Consultants","robots":{"index":"index","follow":"follow","max-snippet":"max-snippet:-1","max-image-preview":"max-image-preview:large","max-video-preview":"max-video-preview:-1"},"canonical":"https:\/\/betterconsultants.com\/eng\/emergencias-seguridad\/","og_locale":"en_US","og_type":"article","og_title":"Emergencies and Security - Better Consultants","og_description":"Emergencies and Security As a result of our experience over a decade improving efficiency and effectiveness in the Police and Emergency Services, we have developed a suite of fully customized solutions to manage most of the activities related to Police Services, integrating integrating daata and reports\u00a0related to any incident. One of the key outputs of [&hellip;]","og_url":"https:\/\/betterconsultants.com\/eng\/emergencias-seguridad\/","og_site_name":"Better Consultants","article_modified_time":"2019-03-13T16:02:37+00:00","og_image":[{"width":1920,"height":1280,"url":"https:\/\/betterconsultants.com\/eng\/wp-content\/uploads\/2018\/01\/traffic.jpg","type":"image\/jpeg"}],"twitter_card":"summary_large_image","twitter_misc":{"Est. reading time":"7 minutes"},"schema":{"@context":"https:\/\/schema.org","@graph":[{"@type":"WebPage","@id":"https:\/\/betterconsultants.com\/eng\/emergencias-seguridad\/","url":"https:\/\/betterconsultants.com\/eng\/emergencias-seguridad\/","name":"Emergencies and Security - Better Consultants","isPartOf":{"@id":"https:\/\/betterconsultants.com\/eng\/#website"},"primaryImageOfPage":{"@id":"https:\/\/betterconsultants.com\/eng\/emergencias-seguridad\/#primaryimage"},"image":{"@id":"https:\/\/betterconsultants.com\/eng\/emergencias-seguridad\/#primaryimage"},"thumbnailUrl":"https:\/\/betterconsultants.com\/eng\/wp-content\/uploads\/2018\/01\/traffic.jpg","datePublished":"2016-10-16T15:56:01+00:00","dateModified":"2019-03-13T16:02:37+00:00","breadcrumb":{"@id":"https:\/\/betterconsultants.com\/eng\/emergencias-seguridad\/#breadcrumb"},"inLanguage":"en-US","potentialAction":[{"@type":"ReadAction","target":["https:\/\/betterconsultants.com\/eng\/emergencias-seguridad\/"]}]},{"@type":"ImageObject","inLanguage":"en-US","@id":"https:\/\/betterconsultants.com\/eng\/emergencias-seguridad\/#primaryimage","url":"https:\/\/betterconsultants.com\/eng\/wp-content\/uploads\/2018\/01\/traffic.jpg","contentUrl":"https:\/\/betterconsultants.com\/eng\/wp-content\/uploads\/2018\/01\/traffic.jpg","width":1920,"height":1280},{"@type":"BreadcrumbList","@id":"https:\/\/betterconsultants.com\/eng\/emergencias-seguridad\/#breadcrumb","itemListElement":[{"@type":"ListItem","position":1,"name":"Home","item":"https:\/\/betterconsultants.com\/eng\/"},{"@type":"ListItem","position":2,"name":"Emergencies and Security"}]},{"@type":"WebSite","@id":"https:\/\/betterconsultants.com\/eng\/#website","url":"https:\/\/betterconsultants.com\/eng\/","name":"Better Consultants","description":"consultoria - servicios TIC","publisher":{"@id":"https:\/\/betterconsultants.com\/eng\/#organization"},"potentialAction":[{"@type":"SearchAction","target":{"@type":"EntryPoint","urlTemplate":"https:\/\/betterconsultants.com\/eng\/?s={search_term_string}"},"query-input":{"@type":"PropertyValueSpecification","valueRequired":true,"valueName":"search_term_string"}}],"inLanguage":"en-US"},{"@type":"Organization","@id":"https:\/\/betterconsultants.com\/eng\/#organization","name":"Better Consultants","url":"https:\/\/betterconsultants.com\/eng\/","logo":{"@type":"ImageObject","inLanguage":"en-US","@id":"https:\/\/betterconsultants.com\/eng\/#\/schema\/logo\/image\/","url":"https:\/\/betterconsultants.com\/eng\/wp-content\/uploads\/2016\/10\/cropped-logo1.png","contentUrl":"https:\/\/betterconsultants.com\/eng\/wp-content\/uploads\/2016\/10\/cropped-logo1.png","width":195,"height":80,"caption":"Better Consultants"},"image":{"@id":"https:\/\/betterconsultants.com\/eng\/#\/schema\/logo\/image\/"},"sameAs":["https:\/\/es.linkedin.com\/company\/betterconsultants"]}]}},"_links":{"self":[{"href":"https:\/\/betterconsultants.com\/eng\/wp-json\/wp\/v2\/pages\/594","targetHints":{"allow":["GET"]}}],"collection":[{"href":"https:\/\/betterconsultants.com\/eng\/wp-json\/wp\/v2\/pages"}],"about":[{"href":"https:\/\/betterconsultants.com\/eng\/wp-json\/wp\/v2\/types\/page"}],"author":[{"embeddable":true,"href":"https:\/\/betterconsultants.com\/eng\/wp-json\/wp\/v2\/users\/4"}],"replies":[{"embeddable":true,"href":"https:\/\/betterconsultants.com\/eng\/wp-json\/wp\/v2\/comments?post=594"}],"version-history":[{"count":142,"href":"https:\/\/betterconsultants.com\/eng\/wp-json\/wp\/v2\/pages\/594\/revisions"}],"predecessor-version":[{"id":17336,"href":"https:\/\/betterconsultants.com\/eng\/wp-json\/wp\/v2\/pages\/594\/revisions\/17336"}],"wp:featuredmedia":[{"embeddable":true,"href":"https:\/\/betterconsultants.com\/eng\/wp-json\/wp\/v2\/media\/10041"}],"wp:attachment":[{"href":"https:\/\/betterconsultants.com\/eng\/wp-json\/wp\/v2\/media?parent=594"}],"curies":[{"name":"wp","href":"https:\/\/api.w.org\/{rel}","templated":true}]}}