{"id":175,"date":"2016-10-08T08:35:38","date_gmt":"2016-10-08T06:35:38","guid":{"rendered":"https:\/\/betterconsultantseu.wordpress.com\/?page_id=175"},"modified":"2019-03-13T17:07:56","modified_gmt":"2019-03-13T16:07:56","slug":"better-consultants-management-consulting","status":"publish","type":"page","link":"https:\/\/betterconsultants.com\/eng\/better-consultants-management-consulting\/","title":{"rendered":"Management Consulting"},"content":{"rendered":"\n[et_pb_section fb_built=&#8221;1&#8243; custom_padding_last_edited=&#8221;off|desktop&#8221; admin_label=&#8221;section&#8221; _builder_version=&#8221;3.19.9&#8243; background_image=&#8221;https:\/\/betterconsultants.com\/eng\/wp-content\/uploads\/2017\/12\/Mgmt01.jpg&#8221; animation_style=&#8221;zoom&#8221; animation_intensity_zoom=&#8221;2%&#8221;][et_pb_row custom_padding=&#8221;355px|0px|115px|0px&#8221; custom_padding_tablet=&#8221;140px|0px|140px|0px&#8221; custom_padding_phone=&#8221;80px|0px|80px|0px&#8221; custom_padding_last_edited=&#8221;on|phone&#8221; _builder_version=&#8221;3.0.105&#8243;][et_pb_column type=&#8221;4_4&#8243; _builder_version=&#8221;3.0.47&#8243; parallax=&#8221;off&#8221; parallax_method=&#8221;on&#8221;][\/et_pb_column][\/et_pb_row][\/et_pb_section][et_pb_section fb_built=&#8221;1&#8243; _builder_version=&#8221;3.0.47&#8243;][et_pb_row custom_padding=&#8221;90px|0px|30px|0px&#8221; _builder_version=&#8221;3.0.105&#8243;][et_pb_column type=&#8221;1_2&#8243; _builder_version=&#8221;3.0.47&#8243; parallax=&#8221;off&#8221; parallax_method=&#8221;on&#8221;][et_pb_text _builder_version=&#8221;3.0.105&#8243; text_font=&#8221;|300|||||||&#8221; header_text_color=&#8221;#000000&#8243; header_font_size_tablet=&#8221;32px&#8221; header_font_size_phone=&#8221;28px&#8221; header_font_size_last_edited=&#8221;on|desktop&#8221; header_4_text_color=&#8221;#ffffff&#8221; background_color=&#8221;#ffffff&#8221; box_shadow_style=&#8221;preset1&#8243; background_layout=&#8221;dark&#8221; custom_margin=&#8221;-180px|||&#8221; custom_margin_last_edited=&#8221;on|desktop&#8221; custom_padding=&#8221;30px|30px|30px|30px&#8221; custom_padding_tablet=&#8221;80px|30px|43px|30px&#8221; custom_padding_last_edited=&#8221;on|desktop&#8221; animation_style=&#8221;slide&#8221; animation_direction=&#8221;left&#8221; animation_duration=&#8221;500ms&#8221; animation_intensity_slide=&#8221;30%&#8221; animation_starting_opacity=&#8221;20%&#8221;]<h1><\/h1>\r\n<h1>Management Consulting<\/h1>\r[\/et_pb_text][\/et_pb_column][et_pb_column type=&#8221;1_2&#8243; _builder_version=&#8221;3.0.47&#8243; parallax=&#8221;off&#8221; parallax_method=&#8221;on&#8221;][\/et_pb_column][\/et_pb_row][\/et_pb_section][et_pb_section fb_built=&#8221;1&#8243; admin_label=&#8221;section&#8221; _builder_version=&#8221;3.0.47&#8243;][et_pb_row _builder_version=&#8221;3.0.47&#8243; background_size=&#8221;initial&#8221; background_position=&#8221;top_left&#8221; background_repeat=&#8221;repeat&#8221;][et_pb_column type=&#8221;1_2&#8243; _builder_version=&#8221;3.0.47&#8243; parallax=&#8221;off&#8221; parallax_method=&#8221;on&#8221;][et_pb_text admin_label=&#8221;Texto&#8221; _builder_version=&#8221;3.0.106&#8243; border_color_all=&#8221;#ffffff&#8221; text_orientation=&#8221;justified&#8221; module_alignment=&#8221;left&#8221; use_border_color=&#8221;off&#8221;]<h3>Model<\/h3>\r\nWhen facing up the business digital transformation, our projects go beyond the Study, Assessment or \u00a0Strategy Planning. Most of times, the recommended solutions require the implementation of a new information system, that can be a Custom Development or can be adapted from a packaged system.\r\n\r\nIn both cases, our professional services provide a comprehensive view of the life cycle, participating in all stages: Diagnosis, Definition, Design, Implementation, Training, Change Management, Production Support and Results Assessment.\r[\/et_pb_text][\/et_pb_column][et_pb_column type=&#8221;1_2&#8243; _builder_version=&#8221;3.0.47&#8243; parallax=&#8221;off&#8221; parallax_method=&#8221;on&#8221;][et_pb_image src=&#8221;https:\/\/betterconsultants.com\/eng\/wp-content\/uploads\/2016\/10\/0017.jpg&#8221; force_fullwidth=&#8221;on&#8221; _builder_version=&#8221;3.19.9&#8243; animation_style=&#8221;zoom&#8221; animation_intensity_zoom=&#8221;2%&#8221;][\/et_pb_image][\/et_pb_column][\/et_pb_row][et_pb_row custom_padding=&#8221;53px|0px|13px|0px&#8221; _builder_version=&#8221;3.0.47&#8243; background_size=&#8221;initial&#8221; background_position=&#8221;top_left&#8221; background_repeat=&#8221;repeat&#8221;][et_pb_column type=&#8221;1_2&#8243; _builder_version=&#8221;3.0.47&#8243; parallax=&#8221;off&#8221; parallax_method=&#8221;on&#8221;][et_pb_image src=&#8221;https:\/\/betterconsultants.com\/eng\/wp-content\/uploads\/2016\/10\/13225086_m.jpg&#8221; force_fullwidth=&#8221;on&#8221; _builder_version=&#8221;3.19.9&#8243; animation_style=&#8221;zoom&#8221; animation_intensity_zoom=&#8221;2%&#8221;][\/et_pb_image][\/et_pb_column][et_pb_column type=&#8221;1_2&#8243; _builder_version=&#8221;3.0.47&#8243; parallax=&#8221;off&#8221; parallax_method=&#8221;on&#8221;][et_pb_text _builder_version=&#8221;3.0.106&#8243; text_text_color=&#8221;#0c71c3&#8243; header_text_color=&#8221;#0c71c3&#8243;]<h3>Vision<\/h3>\r[\/et_pb_text][et_pb_text admin_label=&#8221;Texto&#8221; _builder_version=&#8221;3.0.106&#8243; background_size=&#8221;initial&#8221; background_position=&#8221;top_left&#8221; background_repeat=&#8221;repeat&#8221; text_orientation=&#8221;justified&#8221; use_border_color=&#8221;off&#8221;]Our experience, over two decades sharing projects in large companies and institutions from diverse sectors, enables us to offer a full range of business consulting and technology services.\r\n\r\nWe are specialized in conducting projects that require, from a realistic point of view, a special sensitivity when joining three factors that make true outstanding changes in the competitiveness of the corporation:\r\n<p style=\"padding-left: 30px;\">strategic vision of the business<\/p>\r\n<p style=\"padding-left: 30px;\">industry knowledge<\/p>\r\n<p style=\"padding-left: 30px;\">management models<\/p>\r\n&nbsp;\r[\/et_pb_text][\/et_pb_column][\/et_pb_row][et_pb_row make_fullwidth=&#8221;on&#8221; use_custom_gutter=&#8221;on&#8221; gutter_width=&#8221;1&#8243; custom_padding=&#8221;0px||50px|&#8221; custom_margin=&#8221;50px||0px|&#8221; make_equal=&#8221;on&#8221; background_color_2=&#8221;#f4f4f4&#8243; bg_img_1=&#8221;https:\/\/betterconsultants.com\/eng\/wp-content\/uploads\/2018\/02\/business-07.jpg&#8221; parallax_1=&#8221;on&#8221; background_position_1=&#8221;top_left&#8221; background_position_2=&#8221;top_left&#8221; background_repeat_1=&#8221;no-repeat&#8221; background_repeat_2=&#8221;no-repeat&#8221; padding_top_2=&#8221;8%&#8221; padding_right_2=&#8221;6%&#8221; padding_bottom_2=&#8221;8%&#8221; padding_left_2=&#8221;6%&#8221; _builder_version=&#8221;3.19.9&#8243; background_size=&#8221;initial&#8221; background_position=&#8221;top_left&#8221; background_repeat=&#8221;repeat&#8221; animation_style=&#8221;zoom&#8221; animation_intensity_zoom=&#8221;2%&#8221;][et_pb_column type=&#8221;1_2&#8243; _builder_version=&#8221;3.0.47&#8243; bg_img=&#8221;https:\/\/betterconsultants.com\/eng\/wp-content\/uploads\/2018\/02\/business-07.jpg&#8221; parallax=&#8221;on&#8221; parallax_method=&#8221;on&#8221; background_position=&#8221;top_left&#8221; background_repeat=&#8221;no-repeat&#8221;][\/et_pb_column][et_pb_column type=&#8221;1_2&#8243; _builder_version=&#8221;3.0.47&#8243; padding_bottom=&#8221;8%&#8221; padding_left=&#8221;6%&#8221; padding_right=&#8221;6%&#8221; padding_top=&#8221;8%&#8221; background_color=&#8221;#f4f4f4&#8243; parallax=&#8221;off&#8221; parallax_method=&#8221;on&#8221; background_position=&#8221;top_left&#8221; background_repeat=&#8221;no-repeat&#8221;][et_pb_text _builder_version=&#8221;3.0.106&#8243;]<h4>Our project approach ensures a realistic vision, adequately combining\u00a0in-depth knowledge of the client and the effective use of technologies currently available\u00a0\u00a0in the market.<\/h4>\r\n&nbsp;\r[\/et_pb_text][et_pb_divider show_divider=&#8221;off&#8221; height=&#8221;5px&#8221; disabled_on=&#8221;off|off|off&#8221; _builder_version=&#8221;3.2&#8243; background_color_gradient_direction=&#8221;90deg&#8221; max_width=&#8221;100px&#8221; module_alignment=&#8221;left&#8221; custom_margin=&#8221;||20px|&#8221; custom_padding=&#8221;||20px|&#8221; animation_style=&#8221;slide&#8221; animation_direction=&#8221;bottom&#8221; saved_tabs=&#8221;all&#8221; locked=&#8221;off&#8221;][\/et_pb_divider][et_pb_text _builder_version=&#8221;3.0.106&#8243;]<h4>Our professional services provide a comprehensive vision of the transformation process, participating in all stages of the life cycle, and according to a multisectorial approach.<\/h4>\r[\/et_pb_text][\/et_pb_column][\/et_pb_row][et_pb_row custom_margin=&#8221;40px|||&#8221; _builder_version=&#8221;3.0.106&#8243; background_size=&#8221;initial&#8221; background_position=&#8221;top_left&#8221; background_repeat=&#8221;repeat&#8221;][et_pb_column type=&#8221;1_2&#8243; _builder_version=&#8221;3.0.47&#8243; parallax=&#8221;off&#8221; parallax_method=&#8221;on&#8221;][et_pb_text admin_label=&#8221;Texto&#8221; _builder_version=&#8221;3.0.106&#8243; background_size=&#8221;initial&#8221; background_position=&#8221;top_left&#8221; background_repeat=&#8221;repeat&#8221; text_orientation=&#8221;justified&#8221; use_border_color=&#8221;off&#8221;]<h3>Transformation<\/h3>\r\nWe work on the transformation of important institutions and companies, both public and private, providing added value to:\r\n<p style=\"padding-left: 30px;\">Organization Model and Resource Optimization<\/p>\r\n<p style=\"padding-left: 30px;\">Project Management Office<\/p>\r\n<p style=\"padding-left: 30px;\">Reengineering and Process Improvement<\/p>\r\n<p style=\"padding-left: 30px;\">Technology Planning<\/p>\r\n<p style=\"padding-left: 30px;\">Information Systems Planning<\/p>\r\n<p style=\"padding-left: 30px;\">Change Management<\/p>\r\n&nbsp;\r[\/et_pb_text][\/et_pb_column][et_pb_column type=&#8221;1_2&#8243; _builder_version=&#8221;3.0.47&#8243; parallax=&#8221;off&#8221; parallax_method=&#8221;on&#8221;][et_pb_divider show_divider=&#8221;off&#8221; _builder_version=&#8221;3.2&#8243; custom_padding=&#8221;||50px|&#8221;][\/et_pb_divider][et_pb_image src=&#8221;https:\/\/betterconsultants.com\/eng\/wp-content\/uploads\/2018\/01\/Digitrans6.jpg&#8221; force_fullwidth=&#8221;on&#8221; _builder_version=&#8221;3.19.9&#8243; animation_style=&#8221;zoom&#8221; animation_intensity_zoom=&#8221;2%&#8221;][\/et_pb_image][\/et_pb_column][\/et_pb_row][et_pb_row custom_padding=&#8221;||50px|&#8221; custom_margin=&#8221;50px|||&#8221; _builder_version=&#8221;3.0.106&#8243;][et_pb_column type=&#8221;1_2&#8243; _builder_version=&#8221;3.0.47&#8243; parallax=&#8221;off&#8221; parallax_method=&#8221;on&#8221;][et_pb_image src=&#8221;https:\/\/betterconsultants.com\/eng\/wp-content\/uploads\/2018\/01\/0681b.jpg&#8221; align=&#8221;center&#8221; force_fullwidth=&#8221;on&#8221; admin_label=&#8221;Imagen&#8221; _builder_version=&#8221;3.19.9&#8243; border_color_all=&#8221;#ffffff&#8221; animation_style=&#8221;zoom&#8221; animation_duration=&#8221;500ms&#8221; use_border_color=&#8221;off&#8221; animation_intensity_zoom=&#8221;2%&#8221;][\/et_pb_image][\/et_pb_column][et_pb_column type=&#8221;1_2&#8243; _builder_version=&#8221;3.0.47&#8243; parallax=&#8221;off&#8221; parallax_method=&#8221;on&#8221;][et_pb_text _builder_version=&#8221;3.0.106&#8243; text_text_color=&#8221;#0c71c3&#8243; header_text_color=&#8221;#0c71c3&#8243;]<h3>Balance<\/h3>\r[\/et_pb_text][et_pb_text admin_label=&#8221;Texto&#8221; _builder_version=&#8221;3.0.91&#8243; background_size=&#8221;initial&#8221; background_position=&#8221;top_left&#8221; background_repeat=&#8221;repeat&#8221; text_orientation=&#8221;justified&#8221; use_border_color=&#8221;off&#8221;]Our customers particularly appreciate our criteria balancing deep industry knowledge and strategic vision of the business, with close and realistic approaches.\r[\/et_pb_text][\/et_pb_column][\/et_pb_row][\/et_pb_section]\n","protected":false},"excerpt":{"rendered":"<p>Management Consulting Model When facing up the business digital transformation, our projects go beyond the Study, Assessment or \u00a0Strategy Planning. Most of times, the recommended solutions require the implementation of a new information system, that can be a Custom Development or can be adapted from a packaged system. In both cases, our professional services provide [&hellip;]<\/p>\n","protected":false},"author":4,"featured_media":7045,"parent":0,"menu_order":0,"comment_status":"closed","ping_status":"closed","template":"","meta":{"_et_pb_use_builder":"on","_et_pb_old_content":"<p>Nuestra trayectoria de m\u00e1s de dos d\u00e9cadas compartiendo las inquietudes de grandes empresas e instituciones de los m\u00e1s diversos sectores, nos permiten ofrecer una completa gama de servicios de consultor\u00eda en organizaci\u00f3n y sistemas de informaci\u00f3n.<\/p><p>Somos especialistas proyectos que requieren una especial sensibilidad por la combinaci\u00f3n de los tres factores que han de hacer posible un cambio radical en la competitividad de la empresa, desde una \u00f3ptica realista.<\/p><ul><li>la visi\u00f3n estrat\u00e9gica del negocio del cliente<\/li><li>el conocimiento sectorial<\/li><li>los modelos de gesti\u00f3n<\/li><\/ul><p>Hemos colaborado en la transformaci\u00f3n de importantes instituciones y empresas, tanto del sector p\u00fablico y como privado, aportando valor en varios \u00e1mbitos:<\/p><ul><li>Modelo de Organizaci\u00f3n y Optimizaci\u00f3n de Recursos<\/li><li>Reingenieria y Mejora de Procesos<\/li><li>Planes Directores de Tecnol\u00f3gica<\/li><li>Planificaci\u00f3n de Sistemas de Informaci\u00f3n.<\/li><li>Gesti\u00f3n del Cambio<\/li><\/ul><p>La satisfacci\u00f3n de nuestros clientes en los resultados de los proyectos radica en lograr un equilibrio entre profundo conocimiento del sector y visi\u00f3n estrat\u00e9gica del negocio con planteamientos cercanos y asumibles. Es en este punto donde los valores de compromiso y calidad de la firma se hacen tangibles y generan valor para nuestros clientes.<\/p>","_et_gb_content_width":"","footnotes":""},"class_list":["post-175","page","type-page","status-publish","has-post-thumbnail","hentry"],"yoast_head":"<!-- This site is optimized with the Yoast SEO plugin v27.3 - https:\/\/yoast.com\/product\/yoast-seo-wordpress\/ -->\n<title>Management Consulting - Better Consultants<\/title>\n<meta name=\"robots\" content=\"index, follow, max-snippet:-1, max-image-preview:large, max-video-preview:-1\" \/>\n<link rel=\"canonical\" href=\"https:\/\/betterconsultants.com\/eng\/better-consultants-management-consulting\/\" \/>\n<meta property=\"og:locale\" content=\"en_US\" \/>\n<meta property=\"og:type\" content=\"article\" \/>\n<meta property=\"og:title\" content=\"Management Consulting - Better Consultants\" \/>\n<meta property=\"og:description\" content=\"Management Consulting Model When facing up the business digital transformation, our projects go beyond the Study, Assessment or \u00a0Strategy Planning. Most of times, the recommended solutions require the implementation of a new information system, that can be a Custom Development or can be adapted from a packaged system. In both cases, our professional services provide [&hellip;]\" \/>\n<meta property=\"og:url\" content=\"https:\/\/betterconsultants.com\/eng\/better-consultants-management-consulting\/\" \/>\n<meta property=\"og:site_name\" content=\"Better Consultants\" \/>\n<meta property=\"article:modified_time\" content=\"2019-03-13T16:07:56+00:00\" \/>\n<meta property=\"og:image\" content=\"https:\/\/betterconsultants.com\/eng\/wp-content\/uploads\/2017\/12\/Mgmt01.jpg\" \/>\n\t<meta property=\"og:image:width\" content=\"1000\" \/>\n\t<meta property=\"og:image:height\" content=\"515\" \/>\n\t<meta property=\"og:image:type\" content=\"image\/jpeg\" \/>\n<meta name=\"twitter:card\" content=\"summary_large_image\" \/>\n<meta name=\"twitter:label1\" content=\"Est. reading time\" \/>\n\t<meta name=\"twitter:data1\" content=\"6 minutes\" \/>\n<script type=\"application\/ld+json\" class=\"yoast-schema-graph\">{\"@context\":\"https:\\\/\\\/schema.org\",\"@graph\":[{\"@type\":\"WebPage\",\"@id\":\"https:\\\/\\\/betterconsultants.com\\\/eng\\\/better-consultants-management-consulting\\\/\",\"url\":\"https:\\\/\\\/betterconsultants.com\\\/eng\\\/better-consultants-management-consulting\\\/\",\"name\":\"Management Consulting - Better Consultants\",\"isPartOf\":{\"@id\":\"https:\\\/\\\/betterconsultants.com\\\/eng\\\/#website\"},\"primaryImageOfPage\":{\"@id\":\"https:\\\/\\\/betterconsultants.com\\\/eng\\\/better-consultants-management-consulting\\\/#primaryimage\"},\"image\":{\"@id\":\"https:\\\/\\\/betterconsultants.com\\\/eng\\\/better-consultants-management-consulting\\\/#primaryimage\"},\"thumbnailUrl\":\"https:\\\/\\\/betterconsultants.com\\\/eng\\\/wp-content\\\/uploads\\\/2017\\\/12\\\/Mgmt01.jpg\",\"datePublished\":\"2016-10-08T06:35:38+00:00\",\"dateModified\":\"2019-03-13T16:07:56+00:00\",\"breadcrumb\":{\"@id\":\"https:\\\/\\\/betterconsultants.com\\\/eng\\\/better-consultants-management-consulting\\\/#breadcrumb\"},\"inLanguage\":\"en-US\",\"potentialAction\":[{\"@type\":\"ReadAction\",\"target\":[\"https:\\\/\\\/betterconsultants.com\\\/eng\\\/better-consultants-management-consulting\\\/\"]}]},{\"@type\":\"ImageObject\",\"inLanguage\":\"en-US\",\"@id\":\"https:\\\/\\\/betterconsultants.com\\\/eng\\\/better-consultants-management-consulting\\\/#primaryimage\",\"url\":\"https:\\\/\\\/betterconsultants.com\\\/eng\\\/wp-content\\\/uploads\\\/2017\\\/12\\\/Mgmt01.jpg\",\"contentUrl\":\"https:\\\/\\\/betterconsultants.com\\\/eng\\\/wp-content\\\/uploads\\\/2017\\\/12\\\/Mgmt01.jpg\",\"width\":1000,\"height\":515},{\"@type\":\"BreadcrumbList\",\"@id\":\"https:\\\/\\\/betterconsultants.com\\\/eng\\\/better-consultants-management-consulting\\\/#breadcrumb\",\"itemListElement\":[{\"@type\":\"ListItem\",\"position\":1,\"name\":\"Home\",\"item\":\"https:\\\/\\\/betterconsultants.com\\\/eng\\\/\"},{\"@type\":\"ListItem\",\"position\":2,\"name\":\"Management Consulting\"}]},{\"@type\":\"WebSite\",\"@id\":\"https:\\\/\\\/betterconsultants.com\\\/eng\\\/#website\",\"url\":\"https:\\\/\\\/betterconsultants.com\\\/eng\\\/\",\"name\":\"Better Consultants\",\"description\":\"consultoria - servicios TIC\",\"publisher\":{\"@id\":\"https:\\\/\\\/betterconsultants.com\\\/eng\\\/#organization\"},\"potentialAction\":[{\"@type\":\"SearchAction\",\"target\":{\"@type\":\"EntryPoint\",\"urlTemplate\":\"https:\\\/\\\/betterconsultants.com\\\/eng\\\/?s={search_term_string}\"},\"query-input\":{\"@type\":\"PropertyValueSpecification\",\"valueRequired\":true,\"valueName\":\"search_term_string\"}}],\"inLanguage\":\"en-US\"},{\"@type\":\"Organization\",\"@id\":\"https:\\\/\\\/betterconsultants.com\\\/eng\\\/#organization\",\"name\":\"Better Consultants\",\"url\":\"https:\\\/\\\/betterconsultants.com\\\/eng\\\/\",\"logo\":{\"@type\":\"ImageObject\",\"inLanguage\":\"en-US\",\"@id\":\"https:\\\/\\\/betterconsultants.com\\\/eng\\\/#\\\/schema\\\/logo\\\/image\\\/\",\"url\":\"https:\\\/\\\/betterconsultants.com\\\/eng\\\/wp-content\\\/uploads\\\/2016\\\/10\\\/cropped-logo1.png\",\"contentUrl\":\"https:\\\/\\\/betterconsultants.com\\\/eng\\\/wp-content\\\/uploads\\\/2016\\\/10\\\/cropped-logo1.png\",\"width\":195,\"height\":80,\"caption\":\"Better Consultants\"},\"image\":{\"@id\":\"https:\\\/\\\/betterconsultants.com\\\/eng\\\/#\\\/schema\\\/logo\\\/image\\\/\"},\"sameAs\":[\"https:\\\/\\\/es.linkedin.com\\\/company\\\/betterconsultants\"]}]}<\/script>\n<!-- \/ Yoast SEO plugin. -->","yoast_head_json":{"title":"Management Consulting - Better Consultants","robots":{"index":"index","follow":"follow","max-snippet":"max-snippet:-1","max-image-preview":"max-image-preview:large","max-video-preview":"max-video-preview:-1"},"canonical":"https:\/\/betterconsultants.com\/eng\/better-consultants-management-consulting\/","og_locale":"en_US","og_type":"article","og_title":"Management Consulting - Better Consultants","og_description":"Management Consulting Model When facing up the business digital transformation, our projects go beyond the Study, Assessment or \u00a0Strategy Planning. Most of times, the recommended solutions require the implementation of a new information system, that can be a Custom Development or can be adapted from a packaged system. In both cases, our professional services provide [&hellip;]","og_url":"https:\/\/betterconsultants.com\/eng\/better-consultants-management-consulting\/","og_site_name":"Better Consultants","article_modified_time":"2019-03-13T16:07:56+00:00","og_image":[{"width":1000,"height":515,"url":"https:\/\/betterconsultants.com\/eng\/wp-content\/uploads\/2017\/12\/Mgmt01.jpg","type":"image\/jpeg"}],"twitter_card":"summary_large_image","twitter_misc":{"Est. reading time":"6 minutes"},"schema":{"@context":"https:\/\/schema.org","@graph":[{"@type":"WebPage","@id":"https:\/\/betterconsultants.com\/eng\/better-consultants-management-consulting\/","url":"https:\/\/betterconsultants.com\/eng\/better-consultants-management-consulting\/","name":"Management Consulting - Better Consultants","isPartOf":{"@id":"https:\/\/betterconsultants.com\/eng\/#website"},"primaryImageOfPage":{"@id":"https:\/\/betterconsultants.com\/eng\/better-consultants-management-consulting\/#primaryimage"},"image":{"@id":"https:\/\/betterconsultants.com\/eng\/better-consultants-management-consulting\/#primaryimage"},"thumbnailUrl":"https:\/\/betterconsultants.com\/eng\/wp-content\/uploads\/2017\/12\/Mgmt01.jpg","datePublished":"2016-10-08T06:35:38+00:00","dateModified":"2019-03-13T16:07:56+00:00","breadcrumb":{"@id":"https:\/\/betterconsultants.com\/eng\/better-consultants-management-consulting\/#breadcrumb"},"inLanguage":"en-US","potentialAction":[{"@type":"ReadAction","target":["https:\/\/betterconsultants.com\/eng\/better-consultants-management-consulting\/"]}]},{"@type":"ImageObject","inLanguage":"en-US","@id":"https:\/\/betterconsultants.com\/eng\/better-consultants-management-consulting\/#primaryimage","url":"https:\/\/betterconsultants.com\/eng\/wp-content\/uploads\/2017\/12\/Mgmt01.jpg","contentUrl":"https:\/\/betterconsultants.com\/eng\/wp-content\/uploads\/2017\/12\/Mgmt01.jpg","width":1000,"height":515},{"@type":"BreadcrumbList","@id":"https:\/\/betterconsultants.com\/eng\/better-consultants-management-consulting\/#breadcrumb","itemListElement":[{"@type":"ListItem","position":1,"name":"Home","item":"https:\/\/betterconsultants.com\/eng\/"},{"@type":"ListItem","position":2,"name":"Management Consulting"}]},{"@type":"WebSite","@id":"https:\/\/betterconsultants.com\/eng\/#website","url":"https:\/\/betterconsultants.com\/eng\/","name":"Better Consultants","description":"consultoria - servicios TIC","publisher":{"@id":"https:\/\/betterconsultants.com\/eng\/#organization"},"potentialAction":[{"@type":"SearchAction","target":{"@type":"EntryPoint","urlTemplate":"https:\/\/betterconsultants.com\/eng\/?s={search_term_string}"},"query-input":{"@type":"PropertyValueSpecification","valueRequired":true,"valueName":"search_term_string"}}],"inLanguage":"en-US"},{"@type":"Organization","@id":"https:\/\/betterconsultants.com\/eng\/#organization","name":"Better Consultants","url":"https:\/\/betterconsultants.com\/eng\/","logo":{"@type":"ImageObject","inLanguage":"en-US","@id":"https:\/\/betterconsultants.com\/eng\/#\/schema\/logo\/image\/","url":"https:\/\/betterconsultants.com\/eng\/wp-content\/uploads\/2016\/10\/cropped-logo1.png","contentUrl":"https:\/\/betterconsultants.com\/eng\/wp-content\/uploads\/2016\/10\/cropped-logo1.png","width":195,"height":80,"caption":"Better Consultants"},"image":{"@id":"https:\/\/betterconsultants.com\/eng\/#\/schema\/logo\/image\/"},"sameAs":["https:\/\/es.linkedin.com\/company\/betterconsultants"]}]}},"_links":{"self":[{"href":"https:\/\/betterconsultants.com\/eng\/wp-json\/wp\/v2\/pages\/175","targetHints":{"allow":["GET"]}}],"collection":[{"href":"https:\/\/betterconsultants.com\/eng\/wp-json\/wp\/v2\/pages"}],"about":[{"href":"https:\/\/betterconsultants.com\/eng\/wp-json\/wp\/v2\/types\/page"}],"author":[{"embeddable":true,"href":"https:\/\/betterconsultants.com\/eng\/wp-json\/wp\/v2\/users\/4"}],"replies":[{"embeddable":true,"href":"https:\/\/betterconsultants.com\/eng\/wp-json\/wp\/v2\/comments?post=175"}],"version-history":[{"count":210,"href":"https:\/\/betterconsultants.com\/eng\/wp-json\/wp\/v2\/pages\/175\/revisions"}],"predecessor-version":[{"id":17345,"href":"https:\/\/betterconsultants.com\/eng\/wp-json\/wp\/v2\/pages\/175\/revisions\/17345"}],"wp:featuredmedia":[{"embeddable":true,"href":"https:\/\/betterconsultants.com\/eng\/wp-json\/wp\/v2\/media\/7045"}],"wp:attachment":[{"href":"https:\/\/betterconsultants.com\/eng\/wp-json\/wp\/v2\/media?parent=175"}],"curies":[{"name":"wp","href":"https:\/\/api.w.org\/{rel}","templated":true}]}}