{"id":1206,"date":"2016-11-03T11:02:31","date_gmt":"2016-11-03T10:02:31","guid":{"rendered":"http:\/\/betterconsultants.es\/w16\/?page_id=1206"},"modified":"2019-08-01T09:53:53","modified_gmt":"2019-08-01T07:53:53","slug":"collateral-garantias-control-riesgos","status":"publish","type":"page","link":"https:\/\/betterconsultants.com\/eng\/collateral-garantias-control-riesgos\/","title":{"rendered":"Collateral: advanced guarantee and risk management platform"},"content":{"rendered":"<p>[et_pb_section fb_built=&#8221;1&#8243; custom_padding_last_edited=&#8221;off|desktop&#8221; admin_label=&#8221;section&#8221; _builder_version=&#8221;3.22&#8243; background_image=&#8221;https:\/\/betterconsultants.com\/eng\/wp-content\/uploads\/2016\/11\/Risc-Control&#8211;e1496827557219.jpg&#8221; animation_style=&#8221;zoom&#8221; animation_intensity_zoom=&#8221;2%&#8221;][et_pb_row custom_padding=&#8221;230px|0px|230px|0px&#8221; custom_padding_tablet=&#8221;140px|0px|140px|0px&#8221; custom_padding_phone=&#8221;80px|0px|80px|0px&#8221; custom_padding_last_edited=&#8221;on|phone&#8221; _builder_version=&#8221;3.25&#8243;][et_pb_column type=&#8221;4_4&#8243; _builder_version=&#8221;3.25&#8243; custom_padding=&#8221;|||&#8221; custom_padding__hover=&#8221;|||&#8221;][\/et_pb_column][\/et_pb_row][\/et_pb_section][et_pb_section fb_built=&#8221;1&#8243; _builder_version=&#8221;3.22&#8243;][et_pb_row custom_padding=&#8221;90px|0px|30px|0px&#8221; _builder_version=&#8221;3.25&#8243; column_structure=&#8221;1_2,1_2&#8243;][et_pb_column type=&#8221;1_2&#8243; _builder_version=&#8221;3.25&#8243; custom_padding=&#8221;|||&#8221; custom_padding__hover=&#8221;|||&#8221;][et_pb_text _builder_version=&#8221;3.0.105&#8243; text_font=&#8221;|300|||||||&#8221; header_text_color=&#8221;#000000&#8243; header_4_text_color=&#8221;#ffffff&#8221; background_color=&#8221;#ffffff&#8221; box_shadow_style=&#8221;preset1&#8243; background_layout=&#8221;dark&#8221; custom_margin=&#8221;-180px|||&#8221; custom_margin_last_edited=&#8221;on|desktop&#8221; custom_padding=&#8221;30px|30px|30px|30px&#8221; custom_padding_tablet=&#8221;80px|30px|43px|30px&#8221; custom_padding_last_edited=&#8221;on|desktop&#8221; animation_style=&#8221;slide&#8221; animation_direction=&#8221;left&#8221; animation_duration=&#8221;500ms&#8221; animation_intensity_slide=&#8221;30%&#8221; animation_starting_opacity=&#8221;20%&#8221; header_font_size_tablet=&#8221;32px&#8221; header_font_size_phone=&#8221;28px&#8221; header_font_size_last_edited=&#8221;on|desktop&#8221;]<\/p>\n<h1><\/h1>\n<h1>Collateral: advanced guarantee and risk management platform<\/h1>\n<p>[\/et_pb_text][\/et_pb_column][et_pb_column type=&#8221;1_2&#8243; _builder_version=&#8221;3.25&#8243; custom_padding=&#8221;|||&#8221; custom_padding__hover=&#8221;|||&#8221;][\/et_pb_column][\/et_pb_row][\/et_pb_section][et_pb_section fb_built=&#8221;1&#8243; admin_label=&#8221;section&#8221; _builder_version=&#8221;3.22&#8243;][et_pb_row custom_margin=&#8221;50px|||&#8221; _builder_version=&#8221;3.25&#8243; background_size=&#8221;initial&#8221; background_position=&#8221;top_left&#8221; background_repeat=&#8221;repeat&#8221; column_structure=&#8221;1_2,1_2&#8243;][et_pb_column type=&#8221;1_2&#8243; _builder_version=&#8221;3.25&#8243; custom_padding=&#8221;|||&#8221; custom_padding__hover=&#8221;|||&#8221;][et_pb_text admin_label=&#8221;Texto&#8221; _builder_version=&#8221;3.0.106&#8243; background_size=&#8221;initial&#8221; background_position=&#8221;top_left&#8221; background_repeat=&#8221;repeat&#8221; text_orientation=&#8221;justified&#8221; use_border_color=&#8221;off&#8221;]<\/p>\n<h3>Collateral Management System<\/h3>\n<p>&nbsp;<\/p>\n<p><strong>Collateral<\/strong>\u00a0streamlines the guarantee control improving capture, update and follow up processes, addressed to companies managing financial risks. Among the main functions of Collateral, it is worth highlighting the treatment of:<\/p>\n<div id=\"gt-res-c\" class=\"g-unit\">\n<div id=\"gt-res-p\">\n<div id=\"gt-res-data\">\n<div id=\"gt-res-wrap\">\n<div id=\"gt-res-content\">\n<div id=\"gt-res-dir-ctr\" class=\"trans-verified-button-small\" dir=\"ltr\" style=\"padding-left: 30px;\">\n<p><span class=\"\" lang=\"en\"><span class=\"\" lang=\"en\"><br \/>\n<span class=\"\">Any type of guarantees (personal guarantees, mortgages, pledges, credit rights, etc.)<\/span><\/span><\/span><\/p>\n<p><span class=\"\">Alerts and warnings (overuse of guarantees, maturity of loads, assets in execution, etc.)<\/span><\/p>\n<p><span class=\"\">Automation of the full life cycle of risk<\/span><\/p>\n<\/div>\n<\/div>\n<\/div>\n<\/div>\n<\/div>\n<\/div>\n<p>[\/et_pb_text][\/et_pb_column][et_pb_column type=&#8221;1_2&#8243; _builder_version=&#8221;3.25&#8243; custom_padding=&#8221;|||&#8221; custom_padding__hover=&#8221;|||&#8221;][et_pb_image src=&#8221;https:\/\/betterconsultants.com\/eng\/wp-content\/uploads\/2016\/11\/garant-e1496827887366.jpg&#8221; force_fullwidth=&#8221;on&#8221; align_tablet=&#8221;center&#8221; align_last_edited=&#8221;on|desktop&#8221; _builder_version=&#8221;3.23&#8243; custom_margin=&#8221;50px|||&#8221; custom_margin_last_edited=&#8221;on|phone&#8221; animation_style=&#8221;zoom&#8221; animation_intensity_zoom=&#8221;2%&#8221;]&nbsp;<br \/>\n[\/et_pb_image][\/et_pb_column][\/et_pb_row][et_pb_row custom_padding=&#8221;13px|0px|41px|0px&#8221; custom_margin=&#8221;50px|||&#8221; _builder_version=&#8221;3.25&#8243; background_size=&#8221;initial&#8221; background_position=&#8221;top_left&#8221; background_repeat=&#8221;repeat&#8221; custom_margin_last_edited=&#8221;on|phone&#8221; column_structure=&#8221;1_2,1_2&#8243;][et_pb_column type=&#8221;1_2&#8243; _builder_version=&#8221;3.25&#8243; custom_padding=&#8221;|||&#8221; custom_padding__hover=&#8221;|||&#8221;][et_pb_image src=&#8221;https:\/\/betterconsultants.com\/eng\/wp-content\/uploads\/2018\/01\/House-22.jpg&#8221; align=&#8221;center&#8221; force_fullwidth=&#8221;on&#8221; align_tablet=&#8221;center&#8221; align_last_edited=&#8221;on|desktop&#8221; admin_label=&#8221;Imagen&#8221; _builder_version=&#8221;3.23&#8243; custom_margin=&#8221;120px|||&#8221; custom_margin_last_edited=&#8221;on|phone&#8221; animation_style=&#8221;zoom&#8221; animation_intensity_zoom=&#8221;2%&#8221; use_border_color=&#8221;off&#8221;]&nbsp;<br \/>\n[\/et_pb_image][\/et_pb_column][et_pb_column type=&#8221;1_2&#8243; _builder_version=&#8221;3.25&#8243; custom_padding=&#8221;|||&#8221; custom_padding__hover=&#8221;|||&#8221;][et_pb_text _builder_version=&#8221;3.0.106&#8243; custom_padding=&#8221;20px|20px||&#8221;]<\/p>\n<h3>Features<\/h3>\n<p style=\"padding-left: 30px;\">Provides a consistent database of guarantees details, regardless of the purpose or use of the information.<\/p>\n<p style=\"padding-left: 30px;\">Ensures the reliability of the status, value, and all guarantee related information, along the entire risk operation life cycle.<\/p>\n<p style=\"padding-left: 30px;\">Helps decision making processes related to asset contract guarantees.<\/p>\n<p style=\"padding-left: 30px;\">Simplifis the integration with transaction and legacy systems (record management, agreements, client personal data)<\/p>\n<p style=\"padding-left: 30px;\">Suppport multiple use configuration, depending if addressed to distinct companies, business units, users, currencies, languages, etc.<\/p>\n<p>[\/et_pb_text][\/et_pb_column][\/et_pb_row][et_pb_row custom_padding=&#8221;13px|0px|54px|0px&#8221; _builder_version=&#8221;3.25&#8243; background_size=&#8221;initial&#8221; background_position=&#8221;top_left&#8221; background_repeat=&#8221;repeat&#8221;][et_pb_column type=&#8221;4_4&#8243; _builder_version=&#8221;3.25&#8243; custom_padding=&#8221;|||&#8221; custom_padding__hover=&#8221;|||&#8221;][et_pb_text _builder_version=&#8221;3.26.3&#8243;]<\/p>\n<p style=\"text-align: center;\"><strong><a href=\"https:\/\/betterconsultants.com\/eng\/wp-content\/uploads\/2019\/08\/Data-Sheet-Collateral-4.pdf\" target=\"_blank\" rel=\"noopener noreferrer\">Data-Sheet-Collateral<\/a><\/strong><\/p>\n<p>[\/et_pb_text][et_pb_text admin_label=&#8221;Texto&#8221; module_class=&#8221;image-zoom image-zoom-constrained&#8221; _builder_version=&#8221;3.26.3&#8243; background_size=&#8221;initial&#8221; background_position=&#8221;top_left&#8221; background_repeat=&#8221;repeat&#8221; text_orientation=&#8221;justified&#8221; animation_style=&#8221;zoom&#8221; animation_intensity_zoom=&#8221;2%&#8221; use_border_color=&#8221;off&#8221;]<\/p>\n<p><a href=\"https:\/\/betterconsultants.com\/eng\/wp-content\/uploads\/2019\/08\/Data-Sheet-Collateral-4.pdf\" target=\"_blank\" rel=\"noopener noreferrer\"><img loading=\"lazy\" decoding=\"async\" class=\"aligncenter wp-image-1356 size-full\" src=\"https:\/\/betterconsultants.com\/eng\/wp-content\/uploads\/2016\/11\/Esquema-Collateral-esp.jpg\" alt=\"esquema-collateral-esp\" width=\"720\" height=\"598\" \/><\/a><\/p>\n<p>[\/et_pb_text][\/et_pb_column][\/et_pb_row][\/et_pb_section]<\/p>\n","protected":false},"excerpt":{"rendered":"<p>.<\/p>\n","protected":false},"author":4,"featured_media":1253,"parent":0,"menu_order":0,"comment_status":"closed","ping_status":"closed","template":"","meta":{"_et_pb_use_builder":"on","_et_pb_old_content":"<p><b>Collateral\u00a0<\/b>facilita los procesos de captura, actualizaci\u00f3n y control de las garant\u00edas, en las entidades con riesgos financieros:<\/p><ul><li>Aporta una estructuraci\u00f3n homog\u00e9nea en la informaci\u00f3n de garant\u00edas, con independencia de la utilizaci\u00f3n de las mismas.<\/li><li>Asegura la fiabilidad de los datos de las coberturas a lo largo del tiempo, desde su alta hasta que quedan liberadas.<\/li><li>Agiliza la toma de decisiones que afectan a las garant\u00edas de las operaciones de riesgo.<\/li><li>Simplifica la integraci\u00f3n con los sistemas corporativos de gesti\u00f3n de expedientes, personas, contratos, etc.<\/li><li>Soporta m\u00faltiples configuraciones, para diferentes empresas, unidades de negocio, usuarios, divisas, idiomas, etc.<\/li><\/ul><p>\u00a0<\/p><p><a href=\"http:\/\/betterconsultants.es\/w16\/wp-content\/uploads\/2016\/11\/Data-Sheet-Collateral.pdf\" target=\"_blank\"><img class=\"size-full wp-image-1356 aligncenter\" src=\"http:\/\/betterconsultants.es\/w16\/wp-content\/uploads\/2016\/11\/Esquema-Collateral-esp.jpg\" alt=\"esquema-collateral-esp\" width=\"720\" height=\"598\" \/><\/a><\/p><p>\u00a0<\/p><p><a href=\"http:\/\/betterconsultants.es\/w16\/wp-content\/uploads\/2016\/11\/Data-Sheet-Collateral.pdf\" target=\"_blank\">data-sheet-collateral<\/a><\/p>","_et_gb_content_width":"","footnotes":""},"class_list":["post-1206","page","type-page","status-publish","has-post-thumbnail","hentry"],"yoast_head":"<!-- This site is optimized with the Yoast SEO plugin v27.3 - https:\/\/yoast.com\/product\/yoast-seo-wordpress\/ -->\n<title>Collateral: advanced guarantee and risk management platform - Better Consultants<\/title>\n<meta name=\"robots\" content=\"index, follow, max-snippet:-1, max-image-preview:large, max-video-preview:-1\" \/>\n<link rel=\"canonical\" href=\"https:\/\/betterconsultants.com\/eng\/collateral-garantias-control-riesgos\/\" \/>\n<meta property=\"og:locale\" content=\"en_US\" \/>\n<meta property=\"og:type\" content=\"article\" \/>\n<meta property=\"og:title\" content=\"Collateral: advanced guarantee and risk management platform - Better Consultants\" \/>\n<meta property=\"og:description\" content=\".\" \/>\n<meta property=\"og:url\" content=\"https:\/\/betterconsultants.com\/eng\/collateral-garantias-control-riesgos\/\" \/>\n<meta property=\"og:site_name\" content=\"Better Consultants\" \/>\n<meta property=\"article:modified_time\" content=\"2019-08-01T07:53:53+00:00\" \/>\n<meta property=\"og:image\" content=\"https:\/\/betterconsultants.com\/eng\/wp-content\/uploads\/2016\/11\/Risc-Control--e1496827557219.jpg\" \/>\n\t<meta property=\"og:image:width\" content=\"479\" \/>\n\t<meta property=\"og:image:height\" content=\"197\" \/>\n\t<meta property=\"og:image:type\" content=\"image\/jpeg\" \/>\n<meta name=\"twitter:card\" content=\"summary_large_image\" \/>\n<meta name=\"twitter:label1\" content=\"Est. reading time\" \/>\n\t<meta name=\"twitter:data1\" content=\"4 minutes\" \/>\n<script type=\"application\/ld+json\" class=\"yoast-schema-graph\">{\"@context\":\"https:\\\/\\\/schema.org\",\"@graph\":[{\"@type\":\"WebPage\",\"@id\":\"https:\\\/\\\/betterconsultants.com\\\/eng\\\/collateral-garantias-control-riesgos\\\/\",\"url\":\"https:\\\/\\\/betterconsultants.com\\\/eng\\\/collateral-garantias-control-riesgos\\\/\",\"name\":\"Collateral: advanced guarantee and risk management platform - Better Consultants\",\"isPartOf\":{\"@id\":\"https:\\\/\\\/betterconsultants.com\\\/eng\\\/#website\"},\"primaryImageOfPage\":{\"@id\":\"https:\\\/\\\/betterconsultants.com\\\/eng\\\/collateral-garantias-control-riesgos\\\/#primaryimage\"},\"image\":{\"@id\":\"https:\\\/\\\/betterconsultants.com\\\/eng\\\/collateral-garantias-control-riesgos\\\/#primaryimage\"},\"thumbnailUrl\":\"https:\\\/\\\/betterconsultants.com\\\/eng\\\/wp-content\\\/uploads\\\/2016\\\/11\\\/Risc-Control--e1496827557219.jpg\",\"datePublished\":\"2016-11-03T10:02:31+00:00\",\"dateModified\":\"2019-08-01T07:53:53+00:00\",\"breadcrumb\":{\"@id\":\"https:\\\/\\\/betterconsultants.com\\\/eng\\\/collateral-garantias-control-riesgos\\\/#breadcrumb\"},\"inLanguage\":\"en-US\",\"potentialAction\":[{\"@type\":\"ReadAction\",\"target\":[\"https:\\\/\\\/betterconsultants.com\\\/eng\\\/collateral-garantias-control-riesgos\\\/\"]}]},{\"@type\":\"ImageObject\",\"inLanguage\":\"en-US\",\"@id\":\"https:\\\/\\\/betterconsultants.com\\\/eng\\\/collateral-garantias-control-riesgos\\\/#primaryimage\",\"url\":\"https:\\\/\\\/betterconsultants.com\\\/eng\\\/wp-content\\\/uploads\\\/2016\\\/11\\\/Risc-Control--e1496827557219.jpg\",\"contentUrl\":\"https:\\\/\\\/betterconsultants.com\\\/eng\\\/wp-content\\\/uploads\\\/2016\\\/11\\\/Risc-Control--e1496827557219.jpg\",\"width\":479,\"height\":197},{\"@type\":\"BreadcrumbList\",\"@id\":\"https:\\\/\\\/betterconsultants.com\\\/eng\\\/collateral-garantias-control-riesgos\\\/#breadcrumb\",\"itemListElement\":[{\"@type\":\"ListItem\",\"position\":1,\"name\":\"Home\",\"item\":\"https:\\\/\\\/betterconsultants.com\\\/eng\\\/\"},{\"@type\":\"ListItem\",\"position\":2,\"name\":\"Collateral: advanced guarantee and risk management platform\"}]},{\"@type\":\"WebSite\",\"@id\":\"https:\\\/\\\/betterconsultants.com\\\/eng\\\/#website\",\"url\":\"https:\\\/\\\/betterconsultants.com\\\/eng\\\/\",\"name\":\"Better Consultants\",\"description\":\"consultoria - servicios TIC\",\"publisher\":{\"@id\":\"https:\\\/\\\/betterconsultants.com\\\/eng\\\/#organization\"},\"potentialAction\":[{\"@type\":\"SearchAction\",\"target\":{\"@type\":\"EntryPoint\",\"urlTemplate\":\"https:\\\/\\\/betterconsultants.com\\\/eng\\\/?s={search_term_string}\"},\"query-input\":{\"@type\":\"PropertyValueSpecification\",\"valueRequired\":true,\"valueName\":\"search_term_string\"}}],\"inLanguage\":\"en-US\"},{\"@type\":\"Organization\",\"@id\":\"https:\\\/\\\/betterconsultants.com\\\/eng\\\/#organization\",\"name\":\"Better Consultants\",\"url\":\"https:\\\/\\\/betterconsultants.com\\\/eng\\\/\",\"logo\":{\"@type\":\"ImageObject\",\"inLanguage\":\"en-US\",\"@id\":\"https:\\\/\\\/betterconsultants.com\\\/eng\\\/#\\\/schema\\\/logo\\\/image\\\/\",\"url\":\"https:\\\/\\\/betterconsultants.com\\\/eng\\\/wp-content\\\/uploads\\\/2016\\\/10\\\/cropped-logo1.png\",\"contentUrl\":\"https:\\\/\\\/betterconsultants.com\\\/eng\\\/wp-content\\\/uploads\\\/2016\\\/10\\\/cropped-logo1.png\",\"width\":195,\"height\":80,\"caption\":\"Better Consultants\"},\"image\":{\"@id\":\"https:\\\/\\\/betterconsultants.com\\\/eng\\\/#\\\/schema\\\/logo\\\/image\\\/\"},\"sameAs\":[\"https:\\\/\\\/es.linkedin.com\\\/company\\\/betterconsultants\"]}]}<\/script>\n<!-- \/ Yoast SEO plugin. -->","yoast_head_json":{"title":"Collateral: advanced guarantee and risk management platform - Better Consultants","robots":{"index":"index","follow":"follow","max-snippet":"max-snippet:-1","max-image-preview":"max-image-preview:large","max-video-preview":"max-video-preview:-1"},"canonical":"https:\/\/betterconsultants.com\/eng\/collateral-garantias-control-riesgos\/","og_locale":"en_US","og_type":"article","og_title":"Collateral: advanced guarantee and risk management platform - Better Consultants","og_description":".","og_url":"https:\/\/betterconsultants.com\/eng\/collateral-garantias-control-riesgos\/","og_site_name":"Better Consultants","article_modified_time":"2019-08-01T07:53:53+00:00","og_image":[{"width":479,"height":197,"url":"https:\/\/betterconsultants.com\/eng\/wp-content\/uploads\/2016\/11\/Risc-Control--e1496827557219.jpg","type":"image\/jpeg"}],"twitter_card":"summary_large_image","twitter_misc":{"Est. reading time":"4 minutes"},"schema":{"@context":"https:\/\/schema.org","@graph":[{"@type":"WebPage","@id":"https:\/\/betterconsultants.com\/eng\/collateral-garantias-control-riesgos\/","url":"https:\/\/betterconsultants.com\/eng\/collateral-garantias-control-riesgos\/","name":"Collateral: advanced guarantee and risk management platform - Better Consultants","isPartOf":{"@id":"https:\/\/betterconsultants.com\/eng\/#website"},"primaryImageOfPage":{"@id":"https:\/\/betterconsultants.com\/eng\/collateral-garantias-control-riesgos\/#primaryimage"},"image":{"@id":"https:\/\/betterconsultants.com\/eng\/collateral-garantias-control-riesgos\/#primaryimage"},"thumbnailUrl":"https:\/\/betterconsultants.com\/eng\/wp-content\/uploads\/2016\/11\/Risc-Control--e1496827557219.jpg","datePublished":"2016-11-03T10:02:31+00:00","dateModified":"2019-08-01T07:53:53+00:00","breadcrumb":{"@id":"https:\/\/betterconsultants.com\/eng\/collateral-garantias-control-riesgos\/#breadcrumb"},"inLanguage":"en-US","potentialAction":[{"@type":"ReadAction","target":["https:\/\/betterconsultants.com\/eng\/collateral-garantias-control-riesgos\/"]}]},{"@type":"ImageObject","inLanguage":"en-US","@id":"https:\/\/betterconsultants.com\/eng\/collateral-garantias-control-riesgos\/#primaryimage","url":"https:\/\/betterconsultants.com\/eng\/wp-content\/uploads\/2016\/11\/Risc-Control--e1496827557219.jpg","contentUrl":"https:\/\/betterconsultants.com\/eng\/wp-content\/uploads\/2016\/11\/Risc-Control--e1496827557219.jpg","width":479,"height":197},{"@type":"BreadcrumbList","@id":"https:\/\/betterconsultants.com\/eng\/collateral-garantias-control-riesgos\/#breadcrumb","itemListElement":[{"@type":"ListItem","position":1,"name":"Home","item":"https:\/\/betterconsultants.com\/eng\/"},{"@type":"ListItem","position":2,"name":"Collateral: advanced guarantee and risk management platform"}]},{"@type":"WebSite","@id":"https:\/\/betterconsultants.com\/eng\/#website","url":"https:\/\/betterconsultants.com\/eng\/","name":"Better Consultants","description":"consultoria - servicios TIC","publisher":{"@id":"https:\/\/betterconsultants.com\/eng\/#organization"},"potentialAction":[{"@type":"SearchAction","target":{"@type":"EntryPoint","urlTemplate":"https:\/\/betterconsultants.com\/eng\/?s={search_term_string}"},"query-input":{"@type":"PropertyValueSpecification","valueRequired":true,"valueName":"search_term_string"}}],"inLanguage":"en-US"},{"@type":"Organization","@id":"https:\/\/betterconsultants.com\/eng\/#organization","name":"Better Consultants","url":"https:\/\/betterconsultants.com\/eng\/","logo":{"@type":"ImageObject","inLanguage":"en-US","@id":"https:\/\/betterconsultants.com\/eng\/#\/schema\/logo\/image\/","url":"https:\/\/betterconsultants.com\/eng\/wp-content\/uploads\/2016\/10\/cropped-logo1.png","contentUrl":"https:\/\/betterconsultants.com\/eng\/wp-content\/uploads\/2016\/10\/cropped-logo1.png","width":195,"height":80,"caption":"Better Consultants"},"image":{"@id":"https:\/\/betterconsultants.com\/eng\/#\/schema\/logo\/image\/"},"sameAs":["https:\/\/es.linkedin.com\/company\/betterconsultants"]}]}},"_links":{"self":[{"href":"https:\/\/betterconsultants.com\/eng\/wp-json\/wp\/v2\/pages\/1206","targetHints":{"allow":["GET"]}}],"collection":[{"href":"https:\/\/betterconsultants.com\/eng\/wp-json\/wp\/v2\/pages"}],"about":[{"href":"https:\/\/betterconsultants.com\/eng\/wp-json\/wp\/v2\/types\/page"}],"author":[{"embeddable":true,"href":"https:\/\/betterconsultants.com\/eng\/wp-json\/wp\/v2\/users\/4"}],"replies":[{"embeddable":true,"href":"https:\/\/betterconsultants.com\/eng\/wp-json\/wp\/v2\/comments?post=1206"}],"version-history":[{"count":190,"href":"https:\/\/betterconsultants.com\/eng\/wp-json\/wp\/v2\/pages\/1206\/revisions"}],"predecessor-version":[{"id":17658,"href":"https:\/\/betterconsultants.com\/eng\/wp-json\/wp\/v2\/pages\/1206\/revisions\/17658"}],"wp:featuredmedia":[{"embeddable":true,"href":"https:\/\/betterconsultants.com\/eng\/wp-json\/wp\/v2\/media\/1253"}],"wp:attachment":[{"href":"https:\/\/betterconsultants.com\/eng\/wp-json\/wp\/v2\/media?parent=1206"}],"curies":[{"name":"wp","href":"https:\/\/api.w.org\/{rel}","templated":true}]}}